{"id":998203,"date":"2026-03-27T06:54:02","date_gmt":"2026-03-27T04:54:02","guid":{"rendered":"https:\/\/ventspils.citro.lv\/veikals\/biezpiena-sierins-jeppi-ar-krema-brule-garsas-pild-38g\/"},"modified":"2026-04-03T18:11:02","modified_gmt":"2026-04-03T15:11:02","slug":"biezpiena-sierins-jeppi-ar-krema-brule-garsas-pild-38g","status":"publish","type":"product","link":"https:\/\/ventspils.citro.lv\/ru\/veikals\/biezpiena-sierins-jeppi-ar-krema-brule-garsas-pild-38g\/","title":{"rendered":"Biezpiena sieri\u0146\u0161 JEPPI ar kr\u0113ma brul\u0113 gar\u0161as pild. 38g"},"content":{"rendered":"","protected":false},"excerpt":{"rendered":"<p>5.26 \u20ac\/kg<\/p>\n","protected":false},"featured_media":1235692,"template":"","meta":{"_acf_changed":false,"inline_featured_image":false},"product_cat":[95,188],"product_tag":[],"acf":[],"aioseo_notices":[],"_links":{"self":[{"href":"https:\/\/ventspils.citro.lv\/ru\/wp-json\/wp\/v2\/product\/998203"}],"collection":[{"href":"https:\/\/ventspils.citro.lv\/ru\/wp-json\/wp\/v2\/product"}],"about":[{"href":"https:\/\/ventspils.citro.lv\/ru\/wp-json\/wp\/v2\/types\/product"}],"wp:featuredmedia":[{"embeddable":true,"href":"https:\/\/ventspils.citro.lv\/ru\/wp-json\/wp\/v2\/media\/1235692"}],"wp:attachment":[{"href":"https:\/\/ventspils.citro.lv\/ru\/wp-json\/wp\/v2\/media?parent=998203"}],"wp:term":[{"taxonomy":"product_cat","embeddable":true,"href":"https:\/\/ventspils.citro.lv\/ru\/wp-json\/wp\/v2\/product_cat?post=998203"},{"taxonomy":"product_tag","embeddable":true,"href":"https:\/\/ventspils.citro.lv\/ru\/wp-json\/wp\/v2\/product_tag?post=998203"}],"curies":[{"name":"wp","href":"https:\/\/api.w.org\/{rel}","templated":true}]}}