{"id":997146,"date":"2026-04-13T01:21:54","date_gmt":"2026-04-12T22:21:54","guid":{"rendered":"https:\/\/ventspils.citro.lv\/veikals\/zefirs-sirdsformas-sokolade-maigums-135g\/"},"modified":"2026-04-13T01:21:59","modified_gmt":"2026-04-12T22:21:59","slug":"zefirs-sirdsformas-sokolade-maigums-135g","status":"publish","type":"product","link":"https:\/\/ventspils.citro.lv\/ru\/veikals\/zefirs-sirdsformas-sokolade-maigums-135g\/","title":{"rendered":"Zef\u012brs sirdsformas \u0161okol\u0101d\u0113 Maigums 135g"},"content":{"rendered":"","protected":false},"excerpt":{"rendered":"<p>35.11 \u20ac\/kg<\/p>\n","protected":false},"featured_media":1244926,"template":"","meta":{"_acf_changed":false,"inline_featured_image":false},"product_cat":[125,207],"product_tag":[],"acf":[],"aioseo_notices":[],"_links":{"self":[{"href":"https:\/\/ventspils.citro.lv\/ru\/wp-json\/wp\/v2\/product\/997146"}],"collection":[{"href":"https:\/\/ventspils.citro.lv\/ru\/wp-json\/wp\/v2\/product"}],"about":[{"href":"https:\/\/ventspils.citro.lv\/ru\/wp-json\/wp\/v2\/types\/product"}],"wp:featuredmedia":[{"embeddable":true,"href":"https:\/\/ventspils.citro.lv\/ru\/wp-json\/wp\/v2\/media\/1244926"}],"wp:attachment":[{"href":"https:\/\/ventspils.citro.lv\/ru\/wp-json\/wp\/v2\/media?parent=997146"}],"wp:term":[{"taxonomy":"product_cat","embeddable":true,"href":"https:\/\/ventspils.citro.lv\/ru\/wp-json\/wp\/v2\/product_cat?post=997146"},{"taxonomy":"product_tag","embeddable":true,"href":"https:\/\/ventspils.citro.lv\/ru\/wp-json\/wp\/v2\/product_tag?post=997146"}],"curies":[{"name":"wp","href":"https:\/\/api.w.org\/{rel}","templated":true}]}}