{"id":997130,"date":"2026-05-08T04:00:03","date_gmt":"2026-05-08T01:00:03","guid":{"rendered":"https:\/\/ventspils.citro.lv\/veikals\/majoneze-malpils-salatu-250g\/"},"modified":"2026-05-08T04:00:14","modified_gmt":"2026-05-08T01:00:14","slug":"majoneze-malpils-salatu-250g","status":"publish","type":"product","link":"https:\/\/ventspils.citro.lv\/ru\/veikals\/majoneze-malpils-salatu-250g\/","title":{"rendered":"Majon\u0113ze M\u0101lpils sal\u0101tu 250g"},"content":{"rendered":"<p>Rap\u0161u e\u013c\u013ca, \u016bdens, cukurs, SAUSAIS V\u0100JPIENA PULVERIS, OLU DZELTENUMA PULVERIS, modific\u0113ta ciete, s\u0101ls, sk\u0101buma regul\u0113t\u0101ji (eti\u0137sk\u0101be, piensk\u0101be), emulgators (gu\u0101ra sve\u0137i, ksant\u0101na sve\u0137i), konservants (k\u0101lija sorb\u0101ts), sinepju s\u0113klu aromatiz\u0113t\u0101js, kr\u0101sviela (beta karot\u012bns)<\/p>\n","protected":false},"excerpt":{"rendered":"<p>2.76 \u20ac\/kg<\/p>\n","protected":false},"featured_media":1257879,"template":"","meta":{"_acf_changed":false,"inline_featured_image":false},"product_cat":[95,147],"product_tag":[],"acf":[],"aioseo_notices":[],"_links":{"self":[{"href":"https:\/\/ventspils.citro.lv\/ru\/wp-json\/wp\/v2\/product\/997130"}],"collection":[{"href":"https:\/\/ventspils.citro.lv\/ru\/wp-json\/wp\/v2\/product"}],"about":[{"href":"https:\/\/ventspils.citro.lv\/ru\/wp-json\/wp\/v2\/types\/product"}],"wp:featuredmedia":[{"embeddable":true,"href":"https:\/\/ventspils.citro.lv\/ru\/wp-json\/wp\/v2\/media\/1257879"}],"wp:attachment":[{"href":"https:\/\/ventspils.citro.lv\/ru\/wp-json\/wp\/v2\/media?parent=997130"}],"wp:term":[{"taxonomy":"product_cat","embeddable":true,"href":"https:\/\/ventspils.citro.lv\/ru\/wp-json\/wp\/v2\/product_cat?post=997130"},{"taxonomy":"product_tag","embeddable":true,"href":"https:\/\/ventspils.citro.lv\/ru\/wp-json\/wp\/v2\/product_tag?post=997130"}],"curies":[{"name":"wp","href":"https:\/\/api.w.org\/{rel}","templated":true}]}}