{"id":997127,"date":"2026-03-27T11:00:33","date_gmt":"2026-03-27T09:00:33","guid":{"rendered":"https:\/\/ventspils.citro.lv\/veikals\/konservs-primadog-jera-gala-maltite-260-g-maisins\/"},"modified":"2026-03-27T11:00:44","modified_gmt":"2026-03-27T09:00:44","slug":"konservs-primadog-jera-gala-maltite-260-g-maisins","status":"publish","type":"product","link":"https:\/\/ventspils.citro.lv\/ru\/veikals\/konservs-primadog-jera-gala-maltite-260-g-maisins\/","title":{"rendered":"Konservs PrimaDog j\u0113ra ga\u013ca malt\u012bte 260 g, maisi\u0146\u0161"},"content":{"rendered":"","protected":false},"excerpt":{"rendered":"<p>6.12 \u20ac\/kg<\/p>\n","protected":false},"featured_media":1236698,"template":"","meta":{"_acf_changed":false,"inline_featured_image":false},"product_cat":[617,153],"product_tag":[],"acf":[],"aioseo_notices":[],"_links":{"self":[{"href":"https:\/\/ventspils.citro.lv\/ru\/wp-json\/wp\/v2\/product\/997127"}],"collection":[{"href":"https:\/\/ventspils.citro.lv\/ru\/wp-json\/wp\/v2\/product"}],"about":[{"href":"https:\/\/ventspils.citro.lv\/ru\/wp-json\/wp\/v2\/types\/product"}],"wp:featuredmedia":[{"embeddable":true,"href":"https:\/\/ventspils.citro.lv\/ru\/wp-json\/wp\/v2\/media\/1236698"}],"wp:attachment":[{"href":"https:\/\/ventspils.citro.lv\/ru\/wp-json\/wp\/v2\/media?parent=997127"}],"wp:term":[{"taxonomy":"product_cat","embeddable":true,"href":"https:\/\/ventspils.citro.lv\/ru\/wp-json\/wp\/v2\/product_cat?post=997127"},{"taxonomy":"product_tag","embeddable":true,"href":"https:\/\/ventspils.citro.lv\/ru\/wp-json\/wp\/v2\/product_tag?post=997127"}],"curies":[{"name":"wp","href":"https:\/\/api.w.org\/{rel}","templated":true}]}}