{"id":997126,"date":"2026-04-24T10:24:13","date_gmt":"2026-04-24T07:24:13","guid":{"rendered":"https:\/\/ventspils.citro.lv\/veikals\/konservs-primadog-vistas-galas-maltite-260-g-maisins\/"},"modified":"2026-04-24T10:24:18","modified_gmt":"2026-04-24T07:24:18","slug":"konservs-primadog-vistas-galas-maltite-260-g-maisins","status":"publish","type":"product","link":"https:\/\/ventspils.citro.lv\/ru\/veikals\/konservs-primadog-vistas-galas-maltite-260-g-maisins\/","title":{"rendered":"Konservs PrimaDog vistas ga\u013cas malt\u012bte 260 g, maisi\u0146\u0161"},"content":{"rendered":"","protected":false},"excerpt":{"rendered":"<p>9.58 \u20ac\/kg<\/p>\n","protected":false},"featured_media":1253066,"template":"","meta":{"_acf_changed":false,"inline_featured_image":false},"product_cat":[617,153],"product_tag":[],"acf":[],"aioseo_notices":[],"_links":{"self":[{"href":"https:\/\/ventspils.citro.lv\/ru\/wp-json\/wp\/v2\/product\/997126"}],"collection":[{"href":"https:\/\/ventspils.citro.lv\/ru\/wp-json\/wp\/v2\/product"}],"about":[{"href":"https:\/\/ventspils.citro.lv\/ru\/wp-json\/wp\/v2\/types\/product"}],"wp:featuredmedia":[{"embeddable":true,"href":"https:\/\/ventspils.citro.lv\/ru\/wp-json\/wp\/v2\/media\/1253066"}],"wp:attachment":[{"href":"https:\/\/ventspils.citro.lv\/ru\/wp-json\/wp\/v2\/media?parent=997126"}],"wp:term":[{"taxonomy":"product_cat","embeddable":true,"href":"https:\/\/ventspils.citro.lv\/ru\/wp-json\/wp\/v2\/product_cat?post=997126"},{"taxonomy":"product_tag","embeddable":true,"href":"https:\/\/ventspils.citro.lv\/ru\/wp-json\/wp\/v2\/product_tag?post=997126"}],"curies":[{"name":"wp","href":"https:\/\/api.w.org\/{rel}","templated":true}]}}