{"id":997109,"date":"2026-03-17T08:21:59","date_gmt":"2026-03-17T06:21:59","guid":{"rendered":"https:\/\/ventspils.citro.lv\/veikals\/tostersiers-lactima-sandwich-skeles-100g\/"},"modified":"2026-03-21T19:38:09","modified_gmt":"2026-03-21T17:38:09","slug":"tostersiers-lactima-sandwich-skeles-100g","status":"publish","type":"product","link":"https:\/\/ventspils.citro.lv\/ru\/veikals\/tostersiers-lactima-sandwich-skeles-100g\/","title":{"rendered":"Tostersiers Lactima Sandwich \u0161\u0137\u0113l\u0113s 100g"},"content":{"rendered":"","protected":false},"excerpt":{"rendered":"<p>10.90 \u20ac\/kg<\/p>\n","protected":false},"featured_media":1227496,"template":"","meta":{"_acf_changed":false,"inline_featured_image":false},"product_cat":[95,224],"product_tag":[],"acf":[],"aioseo_notices":[],"_links":{"self":[{"href":"https:\/\/ventspils.citro.lv\/ru\/wp-json\/wp\/v2\/product\/997109"}],"collection":[{"href":"https:\/\/ventspils.citro.lv\/ru\/wp-json\/wp\/v2\/product"}],"about":[{"href":"https:\/\/ventspils.citro.lv\/ru\/wp-json\/wp\/v2\/types\/product"}],"wp:featuredmedia":[{"embeddable":true,"href":"https:\/\/ventspils.citro.lv\/ru\/wp-json\/wp\/v2\/media\/1227496"}],"wp:attachment":[{"href":"https:\/\/ventspils.citro.lv\/ru\/wp-json\/wp\/v2\/media?parent=997109"}],"wp:term":[{"taxonomy":"product_cat","embeddable":true,"href":"https:\/\/ventspils.citro.lv\/ru\/wp-json\/wp\/v2\/product_cat?post=997109"},{"taxonomy":"product_tag","embeddable":true,"href":"https:\/\/ventspils.citro.lv\/ru\/wp-json\/wp\/v2\/product_tag?post=997109"}],"curies":[{"name":"wp","href":"https:\/\/api.w.org\/{rel}","templated":true}]}}