{"id":997107,"date":"2026-03-17T08:21:59","date_gmt":"2026-03-17T06:21:59","guid":{"rendered":"https:\/\/ventspils.citro.lv\/veikals\/tostersiers-lactima-burger-skeles-100g\/"},"modified":"2026-03-17T08:22:03","modified_gmt":"2026-03-17T06:22:03","slug":"tostersiers-lactima-burger-skeles-100g","status":"publish","type":"product","link":"https:\/\/ventspils.citro.lv\/ru\/veikals\/tostersiers-lactima-burger-skeles-100g\/","title":{"rendered":"Tostersiers Lactima Burger \u0161\u0137\u0113l\u0113s 100g"},"content":{"rendered":"","protected":false},"excerpt":{"rendered":"<p>10.90 \u20ac\/kg<\/p>\n","protected":false},"featured_media":1227495,"template":"","meta":{"_acf_changed":false,"inline_featured_image":false},"product_cat":[95,224],"product_tag":[],"acf":[],"aioseo_notices":[],"_links":{"self":[{"href":"https:\/\/ventspils.citro.lv\/ru\/wp-json\/wp\/v2\/product\/997107"}],"collection":[{"href":"https:\/\/ventspils.citro.lv\/ru\/wp-json\/wp\/v2\/product"}],"about":[{"href":"https:\/\/ventspils.citro.lv\/ru\/wp-json\/wp\/v2\/types\/product"}],"wp:featuredmedia":[{"embeddable":true,"href":"https:\/\/ventspils.citro.lv\/ru\/wp-json\/wp\/v2\/media\/1227495"}],"wp:attachment":[{"href":"https:\/\/ventspils.citro.lv\/ru\/wp-json\/wp\/v2\/media?parent=997107"}],"wp:term":[{"taxonomy":"product_cat","embeddable":true,"href":"https:\/\/ventspils.citro.lv\/ru\/wp-json\/wp\/v2\/product_cat?post=997107"},{"taxonomy":"product_tag","embeddable":true,"href":"https:\/\/ventspils.citro.lv\/ru\/wp-json\/wp\/v2\/product_tag?post=997107"}],"curies":[{"name":"wp","href":"https:\/\/api.w.org\/{rel}","templated":true}]}}