{"id":995583,"date":"2026-04-08T06:00:22","date_gmt":"2026-04-08T03:00:22","guid":{"rendered":"https:\/\/ventspils.citro.lv\/veikals\/koslajama-gumija-orbit-spearmint-pouch-50g\/"},"modified":"2026-04-08T06:00:32","modified_gmt":"2026-04-08T03:00:32","slug":"koslajama-gumija-orbit-spearmint-pouch-50g","status":"publish","type":"product","link":"https:\/\/ventspils.citro.lv\/ru\/veikals\/koslajama-gumija-orbit-spearmint-pouch-50g\/","title":{"rendered":"Ko\u0161\u013c\u0101jama gumija Orbit Spearmint Pouch 50g"},"content":{"rendered":"","protected":false},"excerpt":{"rendered":"<p>3.79 \u20ac\/gb<\/p>\n","protected":false},"featured_media":1241299,"template":"","meta":{"_acf_changed":false,"inline_featured_image":false},"product_cat":[365,125],"product_tag":[],"acf":[],"aioseo_notices":[],"_links":{"self":[{"href":"https:\/\/ventspils.citro.lv\/ru\/wp-json\/wp\/v2\/product\/995583"}],"collection":[{"href":"https:\/\/ventspils.citro.lv\/ru\/wp-json\/wp\/v2\/product"}],"about":[{"href":"https:\/\/ventspils.citro.lv\/ru\/wp-json\/wp\/v2\/types\/product"}],"wp:featuredmedia":[{"embeddable":true,"href":"https:\/\/ventspils.citro.lv\/ru\/wp-json\/wp\/v2\/media\/1241299"}],"wp:attachment":[{"href":"https:\/\/ventspils.citro.lv\/ru\/wp-json\/wp\/v2\/media?parent=995583"}],"wp:term":[{"taxonomy":"product_cat","embeddable":true,"href":"https:\/\/ventspils.citro.lv\/ru\/wp-json\/wp\/v2\/product_cat?post=995583"},{"taxonomy":"product_tag","embeddable":true,"href":"https:\/\/ventspils.citro.lv\/ru\/wp-json\/wp\/v2\/product_tag?post=995583"}],"curies":[{"name":"wp","href":"https:\/\/api.w.org\/{rel}","templated":true}]}}