{"id":9926,"date":"2026-04-28T03:25:00","date_gmt":"2026-04-28T00:25:00","guid":{"rendered":"https:\/\/eveikals.citro.lv\/ventspils\/veikals\/krejums-skabais-alma-20-pleve-400g\/"},"modified":"2026-05-08T09:27:19","modified_gmt":"2026-05-08T06:27:19","slug":"krejums-skabais-alma-20-pleve-400g","status":"publish","type":"product","link":"https:\/\/ventspils.citro.lv\/ru\/veikals\/krejums-skabais-alma-20-pleve-400g\/","title":{"rendered":"Kr\u0113jums sk\u0101bais Alma 20% pl\u0113v\u0113 400g"},"content":{"rendered":"","protected":false},"excerpt":{"rendered":"<p>4.23 \u20ac\/kg<\/p>\n","protected":false},"featured_media":1254324,"template":"","meta":{"_acf_changed":false,"inline_featured_image":false},"product_cat":[95,150],"product_tag":[],"acf":[],"aioseo_notices":[],"_links":{"self":[{"href":"https:\/\/ventspils.citro.lv\/ru\/wp-json\/wp\/v2\/product\/9926"}],"collection":[{"href":"https:\/\/ventspils.citro.lv\/ru\/wp-json\/wp\/v2\/product"}],"about":[{"href":"https:\/\/ventspils.citro.lv\/ru\/wp-json\/wp\/v2\/types\/product"}],"wp:featuredmedia":[{"embeddable":true,"href":"https:\/\/ventspils.citro.lv\/ru\/wp-json\/wp\/v2\/media\/1254324"}],"wp:attachment":[{"href":"https:\/\/ventspils.citro.lv\/ru\/wp-json\/wp\/v2\/media?parent=9926"}],"wp:term":[{"taxonomy":"product_cat","embeddable":true,"href":"https:\/\/ventspils.citro.lv\/ru\/wp-json\/wp\/v2\/product_cat?post=9926"},{"taxonomy":"product_tag","embeddable":true,"href":"https:\/\/ventspils.citro.lv\/ru\/wp-json\/wp\/v2\/product_tag?post=9926"}],"curies":[{"name":"wp","href":"https:\/\/api.w.org\/{rel}","templated":true}]}}