{"id":9902,"date":"2026-03-18T04:06:36","date_gmt":"2026-03-18T02:06:36","guid":{"rendered":"https:\/\/eveikals.citro.lv\/ventspils\/veikals\/teja-ekoland-skistosa-avenu-350g\/"},"modified":"2026-03-18T04:06:40","modified_gmt":"2026-03-18T02:06:40","slug":"teja-ekoland-skistosa-avenu-350g","status":"publish","type":"product","link":"https:\/\/ventspils.citro.lv\/ru\/veikals\/teja-ekoland-skistosa-avenu-350g\/","title":{"rendered":"T\u0113ja Ekoland \u0161\u0137isto\u0161\u0101 ave\u0146u 350g"},"content":{"rendered":"","protected":false},"excerpt":{"rendered":"<p>7.11 \u20ac\/kg<\/p>\n","protected":false},"featured_media":1228303,"template":"","meta":{"_acf_changed":false,"inline_featured_image":false},"product_cat":[142,143],"product_tag":[],"acf":[],"aioseo_notices":[],"_links":{"self":[{"href":"https:\/\/ventspils.citro.lv\/ru\/wp-json\/wp\/v2\/product\/9902"}],"collection":[{"href":"https:\/\/ventspils.citro.lv\/ru\/wp-json\/wp\/v2\/product"}],"about":[{"href":"https:\/\/ventspils.citro.lv\/ru\/wp-json\/wp\/v2\/types\/product"}],"wp:featuredmedia":[{"embeddable":true,"href":"https:\/\/ventspils.citro.lv\/ru\/wp-json\/wp\/v2\/media\/1228303"}],"wp:attachment":[{"href":"https:\/\/ventspils.citro.lv\/ru\/wp-json\/wp\/v2\/media?parent=9902"}],"wp:term":[{"taxonomy":"product_cat","embeddable":true,"href":"https:\/\/ventspils.citro.lv\/ru\/wp-json\/wp\/v2\/product_cat?post=9902"},{"taxonomy":"product_tag","embeddable":true,"href":"https:\/\/ventspils.citro.lv\/ru\/wp-json\/wp\/v2\/product_tag?post=9902"}],"curies":[{"name":"wp","href":"https:\/\/api.w.org\/{rel}","templated":true}]}}