{"id":9898,"date":"2026-04-10T06:45:03","date_gmt":"2026-04-10T03:45:03","guid":{"rendered":"https:\/\/eveikals.citro.lv\/ventspils\/veikals\/cipsi-estrella-lauku-krej-sipolu-130g\/"},"modified":"2026-04-10T06:45:08","modified_gmt":"2026-04-10T03:45:08","slug":"cipsi-estrella-ar-lauku-krejuma-un-sipolu-garsu-130g","status":"publish","type":"product","link":"https:\/\/ventspils.citro.lv\/ru\/veikals\/cipsi-estrella-ar-lauku-krejuma-un-sipolu-garsu-130g\/","title":{"rendered":"\u010cipsi Estrella ar lauku kr\u0113juma un s\u012bpolu gar\u0161u 130g"},"content":{"rendered":"","protected":false},"excerpt":{"rendered":"<p>17.62 \u20ac\/kg<\/p>\n","protected":false},"featured_media":1243464,"template":"","meta":{"_acf_changed":false,"inline_featured_image":false},"product_cat":[125,191],"product_tag":[],"acf":[],"aioseo_notices":[],"_links":{"self":[{"href":"https:\/\/ventspils.citro.lv\/ru\/wp-json\/wp\/v2\/product\/9898"}],"collection":[{"href":"https:\/\/ventspils.citro.lv\/ru\/wp-json\/wp\/v2\/product"}],"about":[{"href":"https:\/\/ventspils.citro.lv\/ru\/wp-json\/wp\/v2\/types\/product"}],"wp:featuredmedia":[{"embeddable":true,"href":"https:\/\/ventspils.citro.lv\/ru\/wp-json\/wp\/v2\/media\/1243464"}],"wp:attachment":[{"href":"https:\/\/ventspils.citro.lv\/ru\/wp-json\/wp\/v2\/media?parent=9898"}],"wp:term":[{"taxonomy":"product_cat","embeddable":true,"href":"https:\/\/ventspils.citro.lv\/ru\/wp-json\/wp\/v2\/product_cat?post=9898"},{"taxonomy":"product_tag","embeddable":true,"href":"https:\/\/ventspils.citro.lv\/ru\/wp-json\/wp\/v2\/product_tag?post=9898"}],"curies":[{"name":"wp","href":"https:\/\/api.w.org\/{rel}","templated":true}]}}