{"id":9890,"date":"2026-05-02T01:15:17","date_gmt":"2026-05-01T22:15:17","guid":{"rendered":"https:\/\/eveikals.citro.lv\/ventspils\/veikals\/cipsi-estrella-ar-aromat-dillem-130g\/"},"modified":"2026-05-02T01:15:29","modified_gmt":"2026-05-01T22:15:29","slug":"cipsi-estrella-ar-aromatiskam-dillem-130g","status":"publish","type":"product","link":"https:\/\/ventspils.citro.lv\/ru\/veikals\/cipsi-estrella-ar-aromatiskam-dillem-130g\/","title":{"rendered":"\u010cipsi Estrella ar arom\u0101tisk\u0101m dill\u0113m 130g"},"content":{"rendered":"","protected":false},"excerpt":{"rendered":"<p>11.46 \u20ac\/kg<\/p>\n","protected":false},"featured_media":1255554,"template":"","meta":{"_acf_changed":false,"inline_featured_image":false},"product_cat":[125,191],"product_tag":[],"acf":[],"aioseo_notices":[],"_links":{"self":[{"href":"https:\/\/ventspils.citro.lv\/ru\/wp-json\/wp\/v2\/product\/9890"}],"collection":[{"href":"https:\/\/ventspils.citro.lv\/ru\/wp-json\/wp\/v2\/product"}],"about":[{"href":"https:\/\/ventspils.citro.lv\/ru\/wp-json\/wp\/v2\/types\/product"}],"wp:featuredmedia":[{"embeddable":true,"href":"https:\/\/ventspils.citro.lv\/ru\/wp-json\/wp\/v2\/media\/1255554"}],"wp:attachment":[{"href":"https:\/\/ventspils.citro.lv\/ru\/wp-json\/wp\/v2\/media?parent=9890"}],"wp:term":[{"taxonomy":"product_cat","embeddable":true,"href":"https:\/\/ventspils.citro.lv\/ru\/wp-json\/wp\/v2\/product_cat?post=9890"},{"taxonomy":"product_tag","embeddable":true,"href":"https:\/\/ventspils.citro.lv\/ru\/wp-json\/wp\/v2\/product_tag?post=9890"}],"curies":[{"name":"wp","href":"https:\/\/api.w.org\/{rel}","templated":true}]}}