{"id":987049,"date":"2026-03-31T04:42:51","date_gmt":"2026-03-31T01:42:51","guid":{"rendered":"https:\/\/ventspils.citro.lv\/veikals\/velas-mazgasanai-lidz-kastanis-effect-3in1-1800ml\/"},"modified":"2026-03-31T04:43:03","modified_gmt":"2026-03-31T01:43:03","slug":"velas-mazgasanas-lidz-kastanis-effect-3in1-1800ml","status":"publish","type":"product","link":"https:\/\/ventspils.citro.lv\/ru\/veikals\/velas-mazgasanas-lidz-kastanis-effect-3in1-1800ml\/","title":{"rendered":"Ve\u013cas mazg\u0101\u0161anas l\u012bdz. Kastanis Effect 3in1 1800ml"},"content":{"rendered":"","protected":false},"excerpt":{"rendered":"<p>4.99 \u20ac\/l<\/p>\n","protected":false},"featured_media":1238394,"template":"","meta":{"_acf_changed":false,"inline_featured_image":false},"product_cat":[131,184],"product_tag":[],"acf":[],"aioseo_notices":[],"_links":{"self":[{"href":"https:\/\/ventspils.citro.lv\/ru\/wp-json\/wp\/v2\/product\/987049"}],"collection":[{"href":"https:\/\/ventspils.citro.lv\/ru\/wp-json\/wp\/v2\/product"}],"about":[{"href":"https:\/\/ventspils.citro.lv\/ru\/wp-json\/wp\/v2\/types\/product"}],"wp:featuredmedia":[{"embeddable":true,"href":"https:\/\/ventspils.citro.lv\/ru\/wp-json\/wp\/v2\/media\/1238394"}],"wp:attachment":[{"href":"https:\/\/ventspils.citro.lv\/ru\/wp-json\/wp\/v2\/media?parent=987049"}],"wp:term":[{"taxonomy":"product_cat","embeddable":true,"href":"https:\/\/ventspils.citro.lv\/ru\/wp-json\/wp\/v2\/product_cat?post=987049"},{"taxonomy":"product_tag","embeddable":true,"href":"https:\/\/ventspils.citro.lv\/ru\/wp-json\/wp\/v2\/product_tag?post=987049"}],"curies":[{"name":"wp","href":"https:\/\/api.w.org\/{rel}","templated":true}]}}