{"id":987042,"date":"2026-03-27T11:27:03","date_gmt":"2026-03-27T09:27:03","guid":{"rendered":"https:\/\/ventspils.citro.lv\/veikals\/zefirs-vanilas-sokolade-maigums-175g\/"},"modified":"2026-03-27T11:27:09","modified_gmt":"2026-03-27T09:27:09","slug":"zefirs-vanilas-sokolade-maigums-175g","status":"publish","type":"product","link":"https:\/\/ventspils.citro.lv\/ru\/veikals\/zefirs-vanilas-sokolade-maigums-175g\/","title":{"rendered":"Zef\u012brs vani\u013cas \u0161okol\u0101d\u0113 Maigums 175g"},"content":{"rendered":"","protected":false},"excerpt":{"rendered":"<p>22.80 \u20ac\/kg<\/p>\n","protected":false},"featured_media":1236795,"template":"","meta":{"_acf_changed":false,"inline_featured_image":false},"product_cat":[125,207],"product_tag":[],"acf":[],"aioseo_notices":[],"_links":{"self":[{"href":"https:\/\/ventspils.citro.lv\/ru\/wp-json\/wp\/v2\/product\/987042"}],"collection":[{"href":"https:\/\/ventspils.citro.lv\/ru\/wp-json\/wp\/v2\/product"}],"about":[{"href":"https:\/\/ventspils.citro.lv\/ru\/wp-json\/wp\/v2\/types\/product"}],"wp:featuredmedia":[{"embeddable":true,"href":"https:\/\/ventspils.citro.lv\/ru\/wp-json\/wp\/v2\/media\/1236795"}],"wp:attachment":[{"href":"https:\/\/ventspils.citro.lv\/ru\/wp-json\/wp\/v2\/media?parent=987042"}],"wp:term":[{"taxonomy":"product_cat","embeddable":true,"href":"https:\/\/ventspils.citro.lv\/ru\/wp-json\/wp\/v2\/product_cat?post=987042"},{"taxonomy":"product_tag","embeddable":true,"href":"https:\/\/ventspils.citro.lv\/ru\/wp-json\/wp\/v2\/product_tag?post=987042"}],"curies":[{"name":"wp","href":"https:\/\/api.w.org\/{rel}","templated":true}]}}