{"id":987041,"date":"2026-04-08T06:00:12","date_gmt":"2026-04-08T03:00:12","guid":{"rendered":"https:\/\/ventspils.citro.lv\/veikals\/zefirs-ogu-debesmanna-sokolade-maigums-175g\/"},"modified":"2026-04-08T06:00:16","modified_gmt":"2026-04-08T03:00:16","slug":"zefirs-ogu-debesmanna-sokolade-maigums-175g","status":"publish","type":"product","link":"https:\/\/ventspils.citro.lv\/ru\/veikals\/zefirs-ogu-debesmanna-sokolade-maigums-175g\/","title":{"rendered":"Zef\u012brs Ogu Debesmanna \u0161okol\u0101d\u0113 Maigums 175g"},"content":{"rendered":"","protected":false},"excerpt":{"rendered":"<p>17.09 \u20ac\/kg<\/p>\n","protected":false},"featured_media":1241296,"template":"","meta":{"_acf_changed":false,"inline_featured_image":false},"product_cat":[125,207],"product_tag":[],"acf":[],"aioseo_notices":[],"_links":{"self":[{"href":"https:\/\/ventspils.citro.lv\/ru\/wp-json\/wp\/v2\/product\/987041"}],"collection":[{"href":"https:\/\/ventspils.citro.lv\/ru\/wp-json\/wp\/v2\/product"}],"about":[{"href":"https:\/\/ventspils.citro.lv\/ru\/wp-json\/wp\/v2\/types\/product"}],"wp:featuredmedia":[{"embeddable":true,"href":"https:\/\/ventspils.citro.lv\/ru\/wp-json\/wp\/v2\/media\/1241296"}],"wp:attachment":[{"href":"https:\/\/ventspils.citro.lv\/ru\/wp-json\/wp\/v2\/media?parent=987041"}],"wp:term":[{"taxonomy":"product_cat","embeddable":true,"href":"https:\/\/ventspils.citro.lv\/ru\/wp-json\/wp\/v2\/product_cat?post=987041"},{"taxonomy":"product_tag","embeddable":true,"href":"https:\/\/ventspils.citro.lv\/ru\/wp-json\/wp\/v2\/product_tag?post=987041"}],"curies":[{"name":"wp","href":"https:\/\/api.w.org\/{rel}","templated":true}]}}