{"id":987029,"date":"2026-04-08T06:00:02","date_gmt":"2026-04-08T03:00:02","guid":{"rendered":"https:\/\/ventspils.citro.lv\/veikals\/serberts-skriveru-500g\/"},"modified":"2026-05-02T10:03:32","modified_gmt":"2026-05-02T07:03:32","slug":"serberts-skriveru-500g","status":"publish","type":"product","link":"https:\/\/ventspils.citro.lv\/ru\/veikals\/serberts-skriveru-500g\/","title":{"rendered":"\u0160erberts Skr\u012bveru 500g"},"content":{"rendered":"<p>(ES) cukurs, glikozes s\u012brups, ZEMESRIEKSTI, v\u0101r\u012btais iebiezin\u0101tais piens (cukurs, V\u0100JPIENA pulveris, dzeramais \u016bdens, PIENA pulveris, augu tauki (kokosriekstu e\u013c\u013ca)), glikozes s\u012brups, sausa PIENA s\u016bkalas, turku zir\u0146u milti, dab\u012bgs aromatiz\u0113t\u0101js: \u012briss.<\/p>\n","protected":false},"excerpt":{"rendered":"<p>11.78 \u20ac\/kg<\/p>\n","protected":false},"featured_media":1241294,"template":"","meta":{"_acf_changed":false,"inline_featured_image":false},"product_cat":[125,207],"product_tag":[],"acf":[],"aioseo_notices":[],"_links":{"self":[{"href":"https:\/\/ventspils.citro.lv\/ru\/wp-json\/wp\/v2\/product\/987029"}],"collection":[{"href":"https:\/\/ventspils.citro.lv\/ru\/wp-json\/wp\/v2\/product"}],"about":[{"href":"https:\/\/ventspils.citro.lv\/ru\/wp-json\/wp\/v2\/types\/product"}],"wp:featuredmedia":[{"embeddable":true,"href":"https:\/\/ventspils.citro.lv\/ru\/wp-json\/wp\/v2\/media\/1241294"}],"wp:attachment":[{"href":"https:\/\/ventspils.citro.lv\/ru\/wp-json\/wp\/v2\/media?parent=987029"}],"wp:term":[{"taxonomy":"product_cat","embeddable":true,"href":"https:\/\/ventspils.citro.lv\/ru\/wp-json\/wp\/v2\/product_cat?post=987029"},{"taxonomy":"product_tag","embeddable":true,"href":"https:\/\/ventspils.citro.lv\/ru\/wp-json\/wp\/v2\/product_tag?post=987029"}],"curies":[{"name":"wp","href":"https:\/\/api.w.org\/{rel}","templated":true}]}}