{"id":9843,"date":"2026-04-24T07:36:38","date_gmt":"2026-04-24T04:36:38","guid":{"rendered":"https:\/\/eveikals.citro.lv\/ventspils\/veikals\/lecas-sarkanas-skeltas-500g\/"},"modified":"2026-04-26T12:20:35","modified_gmt":"2026-04-26T09:20:35","slug":"lecas-sarkanas-skeltas-500g","status":"publish","type":"product","link":"https:\/\/ventspils.citro.lv\/ru\/veikals\/lecas-sarkanas-skeltas-500g\/","title":{"rendered":"L\u0113cas sarkan\u0101s \u0161\u0137elt\u0101s 500g"},"content":{"rendered":"","protected":false},"excerpt":{"rendered":"<p>2.78 \u20ac\/kg<\/p>\n","protected":false},"featured_media":1252336,"template":"","meta":{"_acf_changed":false,"inline_featured_image":false},"product_cat":[118,121],"product_tag":[],"acf":[],"aioseo_notices":[],"_links":{"self":[{"href":"https:\/\/ventspils.citro.lv\/ru\/wp-json\/wp\/v2\/product\/9843"}],"collection":[{"href":"https:\/\/ventspils.citro.lv\/ru\/wp-json\/wp\/v2\/product"}],"about":[{"href":"https:\/\/ventspils.citro.lv\/ru\/wp-json\/wp\/v2\/types\/product"}],"wp:featuredmedia":[{"embeddable":true,"href":"https:\/\/ventspils.citro.lv\/ru\/wp-json\/wp\/v2\/media\/1252336"}],"wp:attachment":[{"href":"https:\/\/ventspils.citro.lv\/ru\/wp-json\/wp\/v2\/media?parent=9843"}],"wp:term":[{"taxonomy":"product_cat","embeddable":true,"href":"https:\/\/ventspils.citro.lv\/ru\/wp-json\/wp\/v2\/product_cat?post=9843"},{"taxonomy":"product_tag","embeddable":true,"href":"https:\/\/ventspils.citro.lv\/ru\/wp-json\/wp\/v2\/product_tag?post=9843"}],"curies":[{"name":"wp","href":"https:\/\/api.w.org\/{rel}","templated":true}]}}