{"id":983601,"date":"2026-04-06T01:27:15","date_gmt":"2026-04-05T22:27:15","guid":{"rendered":"https:\/\/ventspils.citro.lv\/veikals\/desa-varita-ar-speki-gardute-800g\/"},"modified":"2026-04-06T01:27:21","modified_gmt":"2026-04-05T22:27:21","slug":"desa-varita-ar-speki-gardute-800g","status":"publish","type":"product","link":"https:\/\/ventspils.citro.lv\/ru\/veikals\/desa-varita-ar-speki-gardute-800g\/","title":{"rendered":"Desa v\u0101r\u012bta ar spe\u0137i Gardute 800g"},"content":{"rendered":"","protected":false},"excerpt":{"rendered":"<p>2.49 \u20ac\/kg<\/p>\n","protected":false},"featured_media":1239962,"template":"","meta":{"_acf_changed":false,"inline_featured_image":false},"product_cat":[135,144],"product_tag":[],"acf":[],"aioseo_notices":[],"_links":{"self":[{"href":"https:\/\/ventspils.citro.lv\/ru\/wp-json\/wp\/v2\/product\/983601"}],"collection":[{"href":"https:\/\/ventspils.citro.lv\/ru\/wp-json\/wp\/v2\/product"}],"about":[{"href":"https:\/\/ventspils.citro.lv\/ru\/wp-json\/wp\/v2\/types\/product"}],"wp:featuredmedia":[{"embeddable":true,"href":"https:\/\/ventspils.citro.lv\/ru\/wp-json\/wp\/v2\/media\/1239962"}],"wp:attachment":[{"href":"https:\/\/ventspils.citro.lv\/ru\/wp-json\/wp\/v2\/media?parent=983601"}],"wp:term":[{"taxonomy":"product_cat","embeddable":true,"href":"https:\/\/ventspils.citro.lv\/ru\/wp-json\/wp\/v2\/product_cat?post=983601"},{"taxonomy":"product_tag","embeddable":true,"href":"https:\/\/ventspils.citro.lv\/ru\/wp-json\/wp\/v2\/product_tag?post=983601"}],"curies":[{"name":"wp","href":"https:\/\/api.w.org\/{rel}","templated":true}]}}