{"id":982119,"date":"2026-01-29T00:40:01","date_gmt":"2026-01-28T22:40:01","guid":{"rendered":"https:\/\/ventspils.citro.lv\/veikals\/torte-parsla-500g\/"},"modified":"2026-02-25T11:03:50","modified_gmt":"2026-02-25T09:03:50","slug":"torte-parsla-500g","status":"publish","type":"product","link":"https:\/\/ventspils.citro.lv\/ru\/veikals\/torte-parsla-500g\/","title":{"rendered":"Torte P\u0101rsla 500g"},"content":{"rendered":"<p>Sast\u0101vda\u013cas: biskv\u012bts (OLAS, cukurs, mais\u012bjums biskv\u012btu pagatavo\u0161anai (kukur\u016bzas ciete, KVIE\u0160U CIETE, emulgatori: E472a, E472b, V\u0100JPIENA PULVERIS, sausais glikozes s\u012brups, sk\u0101buma regul\u0113t\u0101js E450, irdin\u0101t\u0101js :E500, s\u0101ls, mitrumuztur\u0113t\u0101js E420, aromatiz\u0113t\u0101js), KVIE\u0160U milti, \u016bdens), kr\u0113ms ( BIEZPIENS, putkr\u0113jums uz augu tauku b\u0101zes (\u016bdens, piln\u012bgi hidrogen\u0113ta palmu kodolu e\u013c\u013ca 25%, cukurs 12%, PIENA olbaltumvielas, emulgatori: E472b, E322 [SOJA], E472e; stabiliz\u0113t\u0101ji: E460, E466, E340; aromatiz\u0113t\u0101js, kr\u0101sviela: E160a), cukurs, vanil\u012bns), dz\u0113rve\u0146u iev\u0101r\u012bjums (cukurs, dz\u0113rvene (40%), glikozes-fruktozes s\u012brups, \u016bdens, biezin\u0101t\u0101js: pekt\u012bns (E440), konservants: k\u0101lija sorb\u0101ts (E202)), dekor\u017eeleja balt\u0101  (glikozes s\u012brups 77,3%, \u016bdens, aromatiz\u0113t\u0101js, sk\u0101be: E330; sk\u0101buma regul\u0113t\u0101ji: E327, E341iii; E331iii; kr\u0101sviela: E171; recin\u0101t\u0101ji: E407, E440, E401; konservants: E202), kakao, dekor\u017eeleja ar \u0161okol\u0101des gar\u0161u (cukurs 39,1%, glikozes s\u012brups, \u016bdens, kakao pulveris ar samazin\u0101tu tauku saturu 5,0%, modific\u0113ta ciete: 1442; kr\u0101sviela: E150a; dab\u012bgs kakao aromatiz\u0113t\u0101js ar citiem dab\u012bgiem aromatiz\u0113t\u0101jiem, sk\u0101be: E270; konservants: E202). 100 g produkta satur:  ener\u0123\u0113tisk\u0101 v\u0113rt\u012bba 1288 KJ\/305 kcal,  tauki 11,3 g, tostarp pies\u0101tin\u0101t\u0101s tauksk\u0101bes 10,2 g, og\u013chidr\u0101ti 45,7 g , tostarp cukurs 39,5 g, \u0161\u0137iedrvielas 0,6 g, olbaltumvielas 5,3 g, s\u0101ls 0,3 g. Uzglab\u0101\u0161anas temperat\u016bra: +2&#8230;+6 C. Izlietot l\u012bdz: nor\u0101d\u012bts uz iepakojuma. Ra\u017eot\u0101js: SIA Di\u0101na Bistro, Andreja iela 5, Ventspils<\/p>\n","protected":false},"excerpt":{"rendered":"<p>12.98 \u20ac\/kg<\/p>\n","protected":false},"featured_media":1201052,"template":"","meta":{"_acf_changed":false,"inline_featured_image":false},"product_cat":[109,220],"product_tag":[],"acf":[],"aioseo_notices":[],"_links":{"self":[{"href":"https:\/\/ventspils.citro.lv\/ru\/wp-json\/wp\/v2\/product\/982119"}],"collection":[{"href":"https:\/\/ventspils.citro.lv\/ru\/wp-json\/wp\/v2\/product"}],"about":[{"href":"https:\/\/ventspils.citro.lv\/ru\/wp-json\/wp\/v2\/types\/product"}],"wp:featuredmedia":[{"embeddable":true,"href":"https:\/\/ventspils.citro.lv\/ru\/wp-json\/wp\/v2\/media\/1201052"}],"wp:attachment":[{"href":"https:\/\/ventspils.citro.lv\/ru\/wp-json\/wp\/v2\/media?parent=982119"}],"wp:term":[{"taxonomy":"product_cat","embeddable":true,"href":"https:\/\/ventspils.citro.lv\/ru\/wp-json\/wp\/v2\/product_cat?post=982119"},{"taxonomy":"product_tag","embeddable":true,"href":"https:\/\/ventspils.citro.lv\/ru\/wp-json\/wp\/v2\/product_tag?post=982119"}],"curies":[{"name":"wp","href":"https:\/\/api.w.org\/{rel}","templated":true}]}}