{"id":982118,"date":"2026-01-29T00:40:01","date_gmt":"2026-01-28T22:40:01","guid":{"rendered":"https:\/\/ventspils.citro.lv\/veikals\/torte-jogurta-500g\/"},"modified":"2026-05-09T16:54:02","modified_gmt":"2026-05-09T13:54:02","slug":"torte-jogurta-500g","status":"publish","type":"product","link":"https:\/\/ventspils.citro.lv\/ru\/veikals\/torte-jogurta-500g\/","title":{"rendered":"Torte Jogurta 500g"},"content":{"rendered":"<p>Sast\u0101vda\u013cas : biskv\u012bts ( OLAS, cukurs, mais\u012bjums biskv\u012btu pagatavo\u0161anai (kukur\u016bzas ciete, KVIE\u0160U CIETE, emulgatori: E472a, E472b, V\u0100JPIENA PULVERIS, sausais glikozes s\u012brups, sk\u0101buma regul\u0113t\u0101js E450, irdin\u0101t\u0101js :E500, s\u0101ls, mitrumuztur\u0113t\u0101js E420, aromatiz\u0113t\u0101js), KVIE\u0160U milti, \u016bdens, kakao) putkr\u0113jums uz augu tauku b\u0101zes (\u016bdens, piln\u012bgi hidrogen\u0113ta palmu kodolu e\u013c\u013ca 25%, cukurs 12%, PIENA olbaltumvielas, emulgatori: E472b, E322 [SOJA], E472e; stabiliz\u0113t\u0101ji: E460, E466, E340; aromatiz\u0113t\u0101js, kr\u0101sviela: E160a), jogurts zeme\u0146u (pasteriz\u0113ts PIENS, cukurs, zeme\u0146u piedevas koncentr\u0101ts 0,9% (zeme\u0146u sula no koncentr\u0101ta 50%, \u0101bolu sula no koncentr\u0101ta, cukurs, dabisks aromatiz\u0113t\u0101js, modific\u0113ta kukur\u016bzas ciete, sk\u0101buma regul\u0113t\u0101js (citronsk\u0101be), biezin\u0101t\u0101js (gu\u0101ra sve\u0137i), kr\u0101sviela (karm\u012bns)), V\u0100JPIENA pulveris, modific\u0113ta kukur\u016bzas ciete, biezin\u0101t\u0101js (pekt\u012bns), ieraugs no bifido bakt\u0113rijas (bifidobacterium lactis)), \u016bdens, dz\u0113rve\u0146u iev\u0101r\u012bjums  (cukurs, dz\u0113rvene (40%), glikozes-fruktozes s\u012brups, \u016bdens, biezin\u0101t\u0101js: pekt\u012bns (E440), konservants: k\u0101lija sorb\u0101ts (E202)), dekor\u017eeleja neitr\u0101l\u0101 (glikozes s\u012brups, \u016bdens, cukurs, recin\u0101t\u0101ji: E406, E440ii, sk\u0101be: E330, konservants: E202; aromatiz\u0113t\u0101js), zeme\u0146u stabilizators (cukurs, dekstroze, \u017eelat\u012bns (c\u016bku), maltodeksr\u012bns, modific\u0113t\u0101 kukur\u016bzas ciete, sk\u0101buma regul\u0113t\u0101js citronsk\u0101be, p\u0101rtikas kr\u0101svielas kurkum\u012bns un betan\u012bns, arom\u0101tviela- zeme\u0146u), kokosa skaidi\u0146as , \u017eelejas ogas (glikozes s\u012brups, cukurs, \u016bdens, \u017eelejo\u0161\u0101 viela E401, sk\u0101buma regul\u0113t\u0101js E296, modific\u0113ta ciete, cietin\u0101t\u0101ji E340, E339, kokosriekstu e\u013c\u013ca, kr\u0101sviela E120, aromatiz\u0113t\u0101js, biezin\u0101t\u0101js E415), dekor\u017eeleja balta (glikozes s\u012brups 77,3%, \u016bdens, aromatiz\u0113t\u0101js, sk\u0101be: E330; sk\u0101buma regul\u0113t\u0101ji: E327, E341iii; E331iii; kr\u0101sviela: E171;  recin\u0101t\u0101ji: E407, E440, E401; konservants: E202). 100 g produkta  satur:  ener\u0123\u0113tisk\u0101 v\u0113rt\u012bba 1205KJ\/286kcal,  tauki 13,6 g, tostarp pies\u0101tin\u0101t\u0101s tauksk\u0101bes 12,2 g, og\u013chidr\u0101ti 38,7 g, tostarp cukurs 32,4 g, \u0161\u0137iedrvielas 0,5 g, olbaltumvielas 2,9 g, s\u0101ls 0,3 g. Uzglab\u0101\u0161anas temperat\u016bra: +2&#8230;+6 C. Izlietot l\u012bdz: nor\u0101d\u012bts uz iepakojuma. Ra\u017eot\u0101js: SIA Di\u0101na Bistro, Andreja iela 5, Ventspils.&#187;<\/p>\n","protected":false},"excerpt":{"rendered":"<p>11.98 \u20ac\/kg<\/p>\n","protected":false},"featured_media":1201051,"template":"","meta":{"_acf_changed":false,"inline_featured_image":false},"product_cat":[109,220],"product_tag":[],"acf":[],"aioseo_notices":[],"_links":{"self":[{"href":"https:\/\/ventspils.citro.lv\/ru\/wp-json\/wp\/v2\/product\/982118"}],"collection":[{"href":"https:\/\/ventspils.citro.lv\/ru\/wp-json\/wp\/v2\/product"}],"about":[{"href":"https:\/\/ventspils.citro.lv\/ru\/wp-json\/wp\/v2\/types\/product"}],"wp:featuredmedia":[{"embeddable":true,"href":"https:\/\/ventspils.citro.lv\/ru\/wp-json\/wp\/v2\/media\/1201051"}],"wp:attachment":[{"href":"https:\/\/ventspils.citro.lv\/ru\/wp-json\/wp\/v2\/media?parent=982118"}],"wp:term":[{"taxonomy":"product_cat","embeddable":true,"href":"https:\/\/ventspils.citro.lv\/ru\/wp-json\/wp\/v2\/product_cat?post=982118"},{"taxonomy":"product_tag","embeddable":true,"href":"https:\/\/ventspils.citro.lv\/ru\/wp-json\/wp\/v2\/product_tag?post=982118"}],"curies":[{"name":"wp","href":"https:\/\/api.w.org\/{rel}","templated":true}]}}