{"id":980898,"date":"2026-04-24T10:06:23","date_gmt":"2026-04-24T07:06:23","guid":{"rendered":"https:\/\/ventspils.citro.lv\/veikals\/konservi-sauteta-cukgala-250g\/"},"modified":"2026-04-24T10:06:27","modified_gmt":"2026-04-24T07:06:27","slug":"konservi-sauteta-cukgala-250g","status":"publish","type":"product","link":"https:\/\/ventspils.citro.lv\/ru\/veikals\/konservi-sauteta-cukgala-250g\/","title":{"rendered":"Konservi saut\u0113ta c\u016bkga\u013ca 250g"},"content":{"rendered":"","protected":false},"excerpt":{"rendered":"<p>6.36 \u20ac\/kg<\/p>\n","protected":false},"featured_media":1252992,"template":"","meta":{"_acf_changed":false,"inline_featured_image":false},"product_cat":[135,174],"product_tag":[],"acf":[],"aioseo_notices":[],"_links":{"self":[{"href":"https:\/\/ventspils.citro.lv\/ru\/wp-json\/wp\/v2\/product\/980898"}],"collection":[{"href":"https:\/\/ventspils.citro.lv\/ru\/wp-json\/wp\/v2\/product"}],"about":[{"href":"https:\/\/ventspils.citro.lv\/ru\/wp-json\/wp\/v2\/types\/product"}],"wp:featuredmedia":[{"embeddable":true,"href":"https:\/\/ventspils.citro.lv\/ru\/wp-json\/wp\/v2\/media\/1252992"}],"wp:attachment":[{"href":"https:\/\/ventspils.citro.lv\/ru\/wp-json\/wp\/v2\/media?parent=980898"}],"wp:term":[{"taxonomy":"product_cat","embeddable":true,"href":"https:\/\/ventspils.citro.lv\/ru\/wp-json\/wp\/v2\/product_cat?post=980898"},{"taxonomy":"product_tag","embeddable":true,"href":"https:\/\/ventspils.citro.lv\/ru\/wp-json\/wp\/v2\/product_tag?post=980898"}],"curies":[{"name":"wp","href":"https:\/\/api.w.org\/{rel}","templated":true}]}}