{"id":980042,"date":"2025-01-31T04:30:22","date_gmt":"2025-01-31T02:30:22","guid":{"rendered":"https:\/\/ventspils.citro.lv\/veikals\/raugs-skistosais-11g-2\/"},"modified":"2026-03-13T13:45:43","modified_gmt":"2026-03-13T11:45:43","slug":"raugs-skistosais-11g-2","status":"publish","type":"product","link":"https:\/\/ventspils.citro.lv\/ru\/veikals\/raugs-skistosais-11g-2\/","title":{"rendered":"Raugs \u0161\u0137\u012bsto\u0161ais 11g"},"content":{"rendered":"","protected":false},"excerpt":{"rendered":"<p>38.18 \u20ac\/kg<\/p>\n","protected":false},"featured_media":991626,"template":"","meta":{"_acf_changed":false,"inline_featured_image":false},"product_cat":[237,116],"product_tag":[],"acf":[],"aioseo_notices":[],"_links":{"self":[{"href":"https:\/\/ventspils.citro.lv\/ru\/wp-json\/wp\/v2\/product\/980042"}],"collection":[{"href":"https:\/\/ventspils.citro.lv\/ru\/wp-json\/wp\/v2\/product"}],"about":[{"href":"https:\/\/ventspils.citro.lv\/ru\/wp-json\/wp\/v2\/types\/product"}],"wp:featuredmedia":[{"embeddable":true,"href":"https:\/\/ventspils.citro.lv\/ru\/wp-json\/wp\/v2\/media\/991626"}],"wp:attachment":[{"href":"https:\/\/ventspils.citro.lv\/ru\/wp-json\/wp\/v2\/media?parent=980042"}],"wp:term":[{"taxonomy":"product_cat","embeddable":true,"href":"https:\/\/ventspils.citro.lv\/ru\/wp-json\/wp\/v2\/product_cat?post=980042"},{"taxonomy":"product_tag","embeddable":true,"href":"https:\/\/ventspils.citro.lv\/ru\/wp-json\/wp\/v2\/product_tag?post=980042"}],"curies":[{"name":"wp","href":"https:\/\/api.w.org\/{rel}","templated":true}]}}