{"id":979737,"date":"2026-04-24T10:43:01","date_gmt":"2026-04-24T07:43:01","guid":{"rendered":"https:\/\/ventspils.citro.lv\/veikals\/konservi-makrele-tomatu-merce-banga-240g\/"},"modified":"2026-04-24T10:43:12","modified_gmt":"2026-04-24T07:43:12","slug":"konservi-makrele-tomatu-merce-banga-240g","status":"publish","type":"product","link":"https:\/\/ventspils.citro.lv\/ru\/veikals\/konservi-makrele-tomatu-merce-banga-240g\/","title":{"rendered":"Konservi Makrele tom\u0101tu m\u0113rc\u0113 Banga 240g"},"content":{"rendered":"","protected":false},"excerpt":{"rendered":"<p>7.71 \u20ac\/kg<\/p>\n","protected":false},"featured_media":1253141,"template":"","meta":{"_acf_changed":false,"inline_featured_image":false},"product_cat":[540,135],"product_tag":[],"acf":[],"aioseo_notices":[],"_links":{"self":[{"href":"https:\/\/ventspils.citro.lv\/ru\/wp-json\/wp\/v2\/product\/979737"}],"collection":[{"href":"https:\/\/ventspils.citro.lv\/ru\/wp-json\/wp\/v2\/product"}],"about":[{"href":"https:\/\/ventspils.citro.lv\/ru\/wp-json\/wp\/v2\/types\/product"}],"wp:featuredmedia":[{"embeddable":true,"href":"https:\/\/ventspils.citro.lv\/ru\/wp-json\/wp\/v2\/media\/1253141"}],"wp:attachment":[{"href":"https:\/\/ventspils.citro.lv\/ru\/wp-json\/wp\/v2\/media?parent=979737"}],"wp:term":[{"taxonomy":"product_cat","embeddable":true,"href":"https:\/\/ventspils.citro.lv\/ru\/wp-json\/wp\/v2\/product_cat?post=979737"},{"taxonomy":"product_tag","embeddable":true,"href":"https:\/\/ventspils.citro.lv\/ru\/wp-json\/wp\/v2\/product_tag?post=979737"}],"curies":[{"name":"wp","href":"https:\/\/api.w.org\/{rel}","templated":true}]}}