{"id":979733,"date":"2026-03-27T11:24:14","date_gmt":"2026-03-27T09:24:14","guid":{"rendered":"https:\/\/ventspils.citro.lv\/veikals\/konservi-makrele-ella-banga-240g\/"},"modified":"2026-03-27T11:24:19","modified_gmt":"2026-03-27T09:24:19","slug":"konservi-makrele-ella-banga-240g","status":"publish","type":"product","link":"https:\/\/ventspils.citro.lv\/ru\/veikals\/konservi-makrele-ella-banga-240g\/","title":{"rendered":"Konservi Makrele e\u013c\u013c\u0101 Banga 240g"},"content":{"rendered":"","protected":false},"excerpt":{"rendered":"<p>10.38 \u20ac\/kg<\/p>\n","protected":false},"featured_media":1236785,"template":"","meta":{"_acf_changed":false,"inline_featured_image":false},"product_cat":[540,135],"product_tag":[],"acf":[],"aioseo_notices":[],"_links":{"self":[{"href":"https:\/\/ventspils.citro.lv\/ru\/wp-json\/wp\/v2\/product\/979733"}],"collection":[{"href":"https:\/\/ventspils.citro.lv\/ru\/wp-json\/wp\/v2\/product"}],"about":[{"href":"https:\/\/ventspils.citro.lv\/ru\/wp-json\/wp\/v2\/types\/product"}],"wp:featuredmedia":[{"embeddable":true,"href":"https:\/\/ventspils.citro.lv\/ru\/wp-json\/wp\/v2\/media\/1236785"}],"wp:attachment":[{"href":"https:\/\/ventspils.citro.lv\/ru\/wp-json\/wp\/v2\/media?parent=979733"}],"wp:term":[{"taxonomy":"product_cat","embeddable":true,"href":"https:\/\/ventspils.citro.lv\/ru\/wp-json\/wp\/v2\/product_cat?post=979733"},{"taxonomy":"product_tag","embeddable":true,"href":"https:\/\/ventspils.citro.lv\/ru\/wp-json\/wp\/v2\/product_tag?post=979733"}],"curies":[{"name":"wp","href":"https:\/\/api.w.org\/{rel}","templated":true}]}}