{"id":979688,"date":"2026-01-30T11:22:00","date_gmt":"2026-01-30T09:22:00","guid":{"rendered":"https:\/\/ventspils.citro.lv\/veikals\/siers-holandes-valdo-45-300g\/"},"modified":"2026-01-30T11:22:04","modified_gmt":"2026-01-30T09:22:04","slug":"siers-holandes-valdo-45-300g","status":"publish","type":"product","link":"https:\/\/ventspils.citro.lv\/ru\/veikals\/siers-holandes-valdo-45-300g\/","title":{"rendered":"Siers Holandes Valdo 45% 300g"},"content":{"rendered":"<p>pasteriz\u0113ts PIENS, s\u0101ls, PIENSk\u0101bo bakt\u0113riju ieraugs, mikrobiolo\u0123iskais ferments, cietin\u0101t\u0101js, kalcija hlor\u012bds.<\/p>\n","protected":false},"excerpt":{"rendered":"<p>11.97 \u20ac\/gb<\/p>\n","protected":false},"featured_media":1203210,"template":"","meta":{"_acf_changed":false,"inline_featured_image":false},"product_cat":[95,225],"product_tag":[],"acf":[],"aioseo_notices":[],"_links":{"self":[{"href":"https:\/\/ventspils.citro.lv\/ru\/wp-json\/wp\/v2\/product\/979688"}],"collection":[{"href":"https:\/\/ventspils.citro.lv\/ru\/wp-json\/wp\/v2\/product"}],"about":[{"href":"https:\/\/ventspils.citro.lv\/ru\/wp-json\/wp\/v2\/types\/product"}],"wp:featuredmedia":[{"embeddable":true,"href":"https:\/\/ventspils.citro.lv\/ru\/wp-json\/wp\/v2\/media\/1203210"}],"wp:attachment":[{"href":"https:\/\/ventspils.citro.lv\/ru\/wp-json\/wp\/v2\/media?parent=979688"}],"wp:term":[{"taxonomy":"product_cat","embeddable":true,"href":"https:\/\/ventspils.citro.lv\/ru\/wp-json\/wp\/v2\/product_cat?post=979688"},{"taxonomy":"product_tag","embeddable":true,"href":"https:\/\/ventspils.citro.lv\/ru\/wp-json\/wp\/v2\/product_tag?post=979688"}],"curies":[{"name":"wp","href":"https:\/\/api.w.org\/{rel}","templated":true}]}}