{"id":977538,"date":"2026-03-17T07:45:56","date_gmt":"2026-03-17T05:45:56","guid":{"rendered":"https:\/\/ventspils.citro.lv\/veikals\/salati-darzenu-rasols-citro-300g\/"},"modified":"2026-05-13T10:35:58","modified_gmt":"2026-05-13T07:35:58","slug":"salati-darzenu-rasols-citro-300g","status":"publish","type":"product","link":"https:\/\/ventspils.citro.lv\/ru\/veikals\/salati-darzenu-rasols-citro-300g\/","title":{"rendered":"Sal\u0101ti d\u0101rze\u0146u rasols Citro 300g"},"content":{"rendered":"<p>Sast\u0101vda\u013cas: kartupe\u013ci, burk\u0101ni, gur\u0137i marin\u0113ti (gur\u0137i, \u016bdens, v\u012bna eti\u0137is, s\u0101ls, gar\u0161vielas (dilles, s\u012bpoli, SINEPJU s\u0113klas, piparu graudi\u0146i), konservants: E211, dab\u012bgs aromatiz\u0113t\u0101js, saldin\u0101t\u0101js: E954), majon\u0113ze (rap\u0161u e\u013c\u013ca, \u016bdens, OLU pulveris, V\u0100JPIENA pulveris, cukurs, modific\u0113ta ciete, s\u0101ls, sk\u0101buma regul\u0113t\u0101ji (eti\u0137sk\u0101be, piensk\u0101be), biezin\u0101t\u0101ji ( modific\u0113ta ciete, gu\u0101ra sve\u0137i, ksant\u0101na sve\u0137i), konservanti (k\u0101lija sorb\u0101ts, n\u0101trija benzo\u0101ts)), kons. za\u013cie zirn\u012b\u0161i (za\u013cie zirn\u012b\u0161i (70%), \u016bdens, s\u0101ls, cukurs), OLAS, p\u0101rtikas s\u0101ls, SINEPES (\u016bdens, SINEPJU pulveris (24.9%), cukurs, rap\u0161u e\u013c\u013ca, s\u0101ls, sk\u0101buma   regul\u0113t\u0101js (eti\u0137sk\u0101be), gar\u0161vielas), melnie pipari. 100 g prod. satur:  ener\u0123. v\u0113rt. 569 KJ\/ 137 kcal, tauki 9,7 g, tostarp pies\u0101tin\u0101t\u0101s tauksk\u0101bes 0,9 g, og\u013chidr\u0101ti 8,1 g, tostarp cukurs 2,4 g, \u0161\u0137iedrvielas 1,7 g, olbaltumvielas 2,6 g, s\u0101ls 0,9 g. Uzglab. temp.: +2..+6 C. Izlietot l\u012bdz: nor\u0101d\u012bts uz iep. Ra\u017eot\u0101js: SIA Di\u0101na Bistro, Andreja iela 5, Ventspils.<\/p>\n","protected":false},"excerpt":{"rendered":"<p>1.69 \u20ac\/kg<\/p>\n","protected":false},"featured_media":1227356,"template":"","meta":{"_acf_changed":false,"inline_featured_image":false},"product_cat":[113,212],"product_tag":[],"acf":[],"aioseo_notices":[],"_links":{"self":[{"href":"https:\/\/ventspils.citro.lv\/ru\/wp-json\/wp\/v2\/product\/977538"}],"collection":[{"href":"https:\/\/ventspils.citro.lv\/ru\/wp-json\/wp\/v2\/product"}],"about":[{"href":"https:\/\/ventspils.citro.lv\/ru\/wp-json\/wp\/v2\/types\/product"}],"wp:featuredmedia":[{"embeddable":true,"href":"https:\/\/ventspils.citro.lv\/ru\/wp-json\/wp\/v2\/media\/1227356"}],"wp:attachment":[{"href":"https:\/\/ventspils.citro.lv\/ru\/wp-json\/wp\/v2\/media?parent=977538"}],"wp:term":[{"taxonomy":"product_cat","embeddable":true,"href":"https:\/\/ventspils.citro.lv\/ru\/wp-json\/wp\/v2\/product_cat?post=977538"},{"taxonomy":"product_tag","embeddable":true,"href":"https:\/\/ventspils.citro.lv\/ru\/wp-json\/wp\/v2\/product_tag?post=977538"}],"curies":[{"name":"wp","href":"https:\/\/api.w.org\/{rel}","templated":true}]}}