{"id":9754,"date":"2026-03-18T03:54:23","date_gmt":"2026-03-18T01:54:23","guid":{"rendered":"https:\/\/eveikals.citro.lv\/ventspils\/veikals\/bariba-suniem-cesar-4-paka-vistaburkans-lielopsdarz-400g\/"},"modified":"2026-03-18T03:54:33","modified_gmt":"2026-03-18T01:54:33","slug":"bariba-suniem-cesar-4-paka-vistaburkans-lielopsdarz-400g","status":"publish","type":"product","link":"https:\/\/ventspils.citro.lv\/ru\/veikals\/bariba-suniem-cesar-4-paka-vistaburkans-lielopsdarz-400g\/","title":{"rendered":"Bar\u012bba su\u0146iem Cesar 4-paka vista&#038;burk\u0101ns lielops&#038;d\u0101rz. 400g"},"content":{"rendered":"","protected":false},"excerpt":{"rendered":"<p>8.23 \u20ac\/kg<\/p>\n","protected":false},"featured_media":1228249,"template":"","meta":{"_acf_changed":false,"inline_featured_image":false},"product_cat":[617,153],"product_tag":[],"acf":[],"aioseo_notices":[],"_links":{"self":[{"href":"https:\/\/ventspils.citro.lv\/ru\/wp-json\/wp\/v2\/product\/9754"}],"collection":[{"href":"https:\/\/ventspils.citro.lv\/ru\/wp-json\/wp\/v2\/product"}],"about":[{"href":"https:\/\/ventspils.citro.lv\/ru\/wp-json\/wp\/v2\/types\/product"}],"wp:featuredmedia":[{"embeddable":true,"href":"https:\/\/ventspils.citro.lv\/ru\/wp-json\/wp\/v2\/media\/1228249"}],"wp:attachment":[{"href":"https:\/\/ventspils.citro.lv\/ru\/wp-json\/wp\/v2\/media?parent=9754"}],"wp:term":[{"taxonomy":"product_cat","embeddable":true,"href":"https:\/\/ventspils.citro.lv\/ru\/wp-json\/wp\/v2\/product_cat?post=9754"},{"taxonomy":"product_tag","embeddable":true,"href":"https:\/\/ventspils.citro.lv\/ru\/wp-json\/wp\/v2\/product_tag?post=9754"}],"curies":[{"name":"wp","href":"https:\/\/api.w.org\/{rel}","templated":true}]}}