{"id":9748,"date":"2026-04-08T04:15:03","date_gmt":"2026-04-08T01:15:03","guid":{"rendered":"https:\/\/eveikals.citro.lv\/ventspils\/veikals\/bariba-kakiem-sheba-galas-izlase-340g\/"},"modified":"2026-04-08T04:15:08","modified_gmt":"2026-04-08T01:15:08","slug":"bariba-kakiem-sheba-galas-izlase-340g","status":"publish","type":"product","link":"https:\/\/ventspils.citro.lv\/ru\/veikals\/bariba-kakiem-sheba-galas-izlase-340g\/","title":{"rendered":"Bar\u012bba ka\u0137iem Sheba ga\u013cas izlase 340g"},"content":{"rendered":"","protected":false},"excerpt":{"rendered":"<p>7.03 \u20ac\/kg<\/p>\n","protected":false},"featured_media":1240828,"template":"","meta":{"_acf_changed":false,"inline_featured_image":false},"product_cat":[153,175],"product_tag":[],"acf":[],"aioseo_notices":[],"_links":{"self":[{"href":"https:\/\/ventspils.citro.lv\/ru\/wp-json\/wp\/v2\/product\/9748"}],"collection":[{"href":"https:\/\/ventspils.citro.lv\/ru\/wp-json\/wp\/v2\/product"}],"about":[{"href":"https:\/\/ventspils.citro.lv\/ru\/wp-json\/wp\/v2\/types\/product"}],"wp:featuredmedia":[{"embeddable":true,"href":"https:\/\/ventspils.citro.lv\/ru\/wp-json\/wp\/v2\/media\/1240828"}],"wp:attachment":[{"href":"https:\/\/ventspils.citro.lv\/ru\/wp-json\/wp\/v2\/media?parent=9748"}],"wp:term":[{"taxonomy":"product_cat","embeddable":true,"href":"https:\/\/ventspils.citro.lv\/ru\/wp-json\/wp\/v2\/product_cat?post=9748"},{"taxonomy":"product_tag","embeddable":true,"href":"https:\/\/ventspils.citro.lv\/ru\/wp-json\/wp\/v2\/product_tag?post=9748"}],"curies":[{"name":"wp","href":"https:\/\/api.w.org\/{rel}","templated":true}]}}