{"id":9747,"date":"2026-04-26T00:54:42","date_gmt":"2026-04-25T21:54:42","guid":{"rendered":"https:\/\/eveikals.citro.lv\/ventspils\/veikals\/milti-herkuless-kviesu-pasbriestosie-1kg\/"},"modified":"2026-04-26T00:54:53","modified_gmt":"2026-04-25T21:54:53","slug":"milti-herkuless-kviesu-pasbriestosie-1kg","status":"publish","type":"product","link":"https:\/\/ventspils.citro.lv\/ru\/veikals\/milti-herkuless-kviesu-pasbriestosie-1kg\/","title":{"rendered":"Milti Herkuless kvie\u0161u Pa\u0161briesto\u0161ie 1kg"},"content":{"rendered":"","protected":false},"excerpt":{"rendered":"<p>2.25 \u20ac\/kg<\/p>\n","protected":false},"featured_media":1253737,"template":"","meta":{"_acf_changed":false,"inline_featured_image":false},"product_cat":[118,119],"product_tag":[],"acf":[],"aioseo_notices":[],"_links":{"self":[{"href":"https:\/\/ventspils.citro.lv\/ru\/wp-json\/wp\/v2\/product\/9747"}],"collection":[{"href":"https:\/\/ventspils.citro.lv\/ru\/wp-json\/wp\/v2\/product"}],"about":[{"href":"https:\/\/ventspils.citro.lv\/ru\/wp-json\/wp\/v2\/types\/product"}],"wp:featuredmedia":[{"embeddable":true,"href":"https:\/\/ventspils.citro.lv\/ru\/wp-json\/wp\/v2\/media\/1253737"}],"wp:attachment":[{"href":"https:\/\/ventspils.citro.lv\/ru\/wp-json\/wp\/v2\/media?parent=9747"}],"wp:term":[{"taxonomy":"product_cat","embeddable":true,"href":"https:\/\/ventspils.citro.lv\/ru\/wp-json\/wp\/v2\/product_cat?post=9747"},{"taxonomy":"product_tag","embeddable":true,"href":"https:\/\/ventspils.citro.lv\/ru\/wp-json\/wp\/v2\/product_tag?post=9747"}],"curies":[{"name":"wp","href":"https:\/\/api.w.org\/{rel}","templated":true}]}}