{"id":96965,"date":"2026-04-29T01:18:19","date_gmt":"2026-04-28T22:18:19","guid":{"rendered":"https:\/\/ventspils.citro.lv\/veikals\/cepumi-majas-200g\/"},"modified":"2026-04-30T20:43:38","modified_gmt":"2026-04-30T17:43:38","slug":"cepumi-majas-citro-200g","status":"publish","type":"product","link":"https:\/\/ventspils.citro.lv\/ru\/veikals\/cepumi-majas-citro-200g\/","title":{"rendered":"Cepumi M\u0101jas Citro 200g"},"content":{"rendered":"<p>Sast\u0101vs KVIE\u0160U MILTI,MARGAR\u012aNS,cukurs,kr\u0113juma izstr,vani\u013cas cukurs.Ener\u0123.v\u0113rt\u012bba 2180kj\/521kcal, tauki 27g, pies\u0101tin\u0101t\u0101s tauksk\u0101bes 9g, og\u013chidr\u0101ti 60g, cukurs 21g, \u0161\u0137iedrvielas 3g, olbaltumvielas 9g, s\u0101ls 0.2g.Fas\u0113ts:A\/S Di\u0101na, Durbes iela 38\/40,Ventspils<\/p>\n","protected":false},"excerpt":{"rendered":"<p>8.45 \u20ac\/kg<\/p>\n","protected":false},"featured_media":1254783,"template":"","meta":{"_acf_changed":false,"inline_featured_image":false},"product_cat":[125,139],"product_tag":[],"acf":[],"aioseo_notices":[],"_links":{"self":[{"href":"https:\/\/ventspils.citro.lv\/ru\/wp-json\/wp\/v2\/product\/96965"}],"collection":[{"href":"https:\/\/ventspils.citro.lv\/ru\/wp-json\/wp\/v2\/product"}],"about":[{"href":"https:\/\/ventspils.citro.lv\/ru\/wp-json\/wp\/v2\/types\/product"}],"wp:featuredmedia":[{"embeddable":true,"href":"https:\/\/ventspils.citro.lv\/ru\/wp-json\/wp\/v2\/media\/1254783"}],"wp:attachment":[{"href":"https:\/\/ventspils.citro.lv\/ru\/wp-json\/wp\/v2\/media?parent=96965"}],"wp:term":[{"taxonomy":"product_cat","embeddable":true,"href":"https:\/\/ventspils.citro.lv\/ru\/wp-json\/wp\/v2\/product_cat?post=96965"},{"taxonomy":"product_tag","embeddable":true,"href":"https:\/\/ventspils.citro.lv\/ru\/wp-json\/wp\/v2\/product_tag?post=96965"}],"curies":[{"name":"wp","href":"https:\/\/api.w.org\/{rel}","templated":true}]}}