{"id":969593,"date":"2026-04-14T04:21:35","date_gmt":"2026-04-14T01:21:35","guid":{"rendered":"https:\/\/ventspils.citro.lv\/veikals\/cipsi-lays-ar-krejuma-un-zalo-locinu-garsu-130g\/"},"modified":"2026-04-14T04:21:40","modified_gmt":"2026-04-14T01:21:40","slug":"cipsi-lays-ar-krejuma-un-zalo-locinu-garsu-130g","status":"publish","type":"product","link":"https:\/\/ventspils.citro.lv\/ru\/veikals\/cipsi-lays-ar-krejuma-un-zalo-locinu-garsu-130g\/","title":{"rendered":"\u010cipsi Lay&#8217;s ar kr\u0113juma un za\u013co loci\u0146u gar\u0161u 130g"},"content":{"rendered":"","protected":false},"excerpt":{"rendered":"<p>16.54 \u20ac\/kg<\/p>\n","protected":false},"featured_media":1245710,"template":"","meta":{"_acf_changed":false,"inline_featured_image":false},"product_cat":[125,191],"product_tag":[],"acf":[],"aioseo_notices":[],"_links":{"self":[{"href":"https:\/\/ventspils.citro.lv\/ru\/wp-json\/wp\/v2\/product\/969593"}],"collection":[{"href":"https:\/\/ventspils.citro.lv\/ru\/wp-json\/wp\/v2\/product"}],"about":[{"href":"https:\/\/ventspils.citro.lv\/ru\/wp-json\/wp\/v2\/types\/product"}],"wp:featuredmedia":[{"embeddable":true,"href":"https:\/\/ventspils.citro.lv\/ru\/wp-json\/wp\/v2\/media\/1245710"}],"wp:attachment":[{"href":"https:\/\/ventspils.citro.lv\/ru\/wp-json\/wp\/v2\/media?parent=969593"}],"wp:term":[{"taxonomy":"product_cat","embeddable":true,"href":"https:\/\/ventspils.citro.lv\/ru\/wp-json\/wp\/v2\/product_cat?post=969593"},{"taxonomy":"product_tag","embeddable":true,"href":"https:\/\/ventspils.citro.lv\/ru\/wp-json\/wp\/v2\/product_tag?post=969593"}],"curies":[{"name":"wp","href":"https:\/\/api.w.org\/{rel}","templated":true}]}}