{"id":969591,"date":"2026-05-08T04:03:24","date_gmt":"2026-05-08T01:03:24","guid":{"rendered":"https:\/\/ventspils.citro.lv\/veikals\/cipsi-lays-ar-bbq-galas-garsu-130g\/"},"modified":"2026-05-08T04:03:34","modified_gmt":"2026-05-08T01:03:34","slug":"cipsi-lays-ar-bbq-galas-garsu-130g","status":"publish","type":"product","link":"https:\/\/ventspils.citro.lv\/ru\/veikals\/cipsi-lays-ar-bbq-galas-garsu-130g\/","title":{"rendered":"\u010cipsi Lay&#8217;s ar BBQ ga\u013cas gar\u0161u 130g"},"content":{"rendered":"","protected":false},"excerpt":{"rendered":"<p>12.69 \u20ac\/kg<\/p>\n","protected":false},"featured_media":1257895,"template":"","meta":{"_acf_changed":false,"inline_featured_image":false},"product_cat":[125,191],"product_tag":[],"acf":[],"aioseo_notices":[],"_links":{"self":[{"href":"https:\/\/ventspils.citro.lv\/ru\/wp-json\/wp\/v2\/product\/969591"}],"collection":[{"href":"https:\/\/ventspils.citro.lv\/ru\/wp-json\/wp\/v2\/product"}],"about":[{"href":"https:\/\/ventspils.citro.lv\/ru\/wp-json\/wp\/v2\/types\/product"}],"wp:featuredmedia":[{"embeddable":true,"href":"https:\/\/ventspils.citro.lv\/ru\/wp-json\/wp\/v2\/media\/1257895"}],"wp:attachment":[{"href":"https:\/\/ventspils.citro.lv\/ru\/wp-json\/wp\/v2\/media?parent=969591"}],"wp:term":[{"taxonomy":"product_cat","embeddable":true,"href":"https:\/\/ventspils.citro.lv\/ru\/wp-json\/wp\/v2\/product_cat?post=969591"},{"taxonomy":"product_tag","embeddable":true,"href":"https:\/\/ventspils.citro.lv\/ru\/wp-json\/wp\/v2\/product_tag?post=969591"}],"curies":[{"name":"wp","href":"https:\/\/api.w.org\/{rel}","templated":true}]}}