{"id":969564,"date":"2026-03-31T04:39:44","date_gmt":"2026-03-31T01:39:44","guid":{"rendered":"https:\/\/ventspils.citro.lv\/veikals\/cipsi-auzu-nashchi-ar-sipolu-krejuma-garsu-60g\/"},"modified":"2026-03-31T04:39:50","modified_gmt":"2026-03-31T01:39:50","slug":"cipsi-auzu-nashchi-ar-sipolu-krejuma-garsu-60g","status":"publish","type":"product","link":"https:\/\/ventspils.citro.lv\/ru\/veikals\/cipsi-auzu-nashchi-ar-sipolu-krejuma-garsu-60g\/","title":{"rendered":"\u010cipsi auzu Nashchi ar s\u012bpolu kr\u0113juma gar\u0161u 60g"},"content":{"rendered":"","protected":false},"excerpt":{"rendered":"<p>21.50 \u20ac\/kg<\/p>\n","protected":false},"featured_media":1238385,"template":"","meta":{"_acf_changed":false,"inline_featured_image":false},"product_cat":[125,191],"product_tag":[],"acf":[],"aioseo_notices":[],"_links":{"self":[{"href":"https:\/\/ventspils.citro.lv\/ru\/wp-json\/wp\/v2\/product\/969564"}],"collection":[{"href":"https:\/\/ventspils.citro.lv\/ru\/wp-json\/wp\/v2\/product"}],"about":[{"href":"https:\/\/ventspils.citro.lv\/ru\/wp-json\/wp\/v2\/types\/product"}],"wp:featuredmedia":[{"embeddable":true,"href":"https:\/\/ventspils.citro.lv\/ru\/wp-json\/wp\/v2\/media\/1238385"}],"wp:attachment":[{"href":"https:\/\/ventspils.citro.lv\/ru\/wp-json\/wp\/v2\/media?parent=969564"}],"wp:term":[{"taxonomy":"product_cat","embeddable":true,"href":"https:\/\/ventspils.citro.lv\/ru\/wp-json\/wp\/v2\/product_cat?post=969564"},{"taxonomy":"product_tag","embeddable":true,"href":"https:\/\/ventspils.citro.lv\/ru\/wp-json\/wp\/v2\/product_tag?post=969564"}],"curies":[{"name":"wp","href":"https:\/\/api.w.org\/{rel}","templated":true}]}}