{"id":969558,"date":"2026-03-17T08:36:57","date_gmt":"2026-03-17T06:36:57","guid":{"rendered":"https:\/\/ventspils.citro.lv\/veikals\/tomati-sava-sula-680g-370g\/"},"modified":"2026-03-17T08:37:06","modified_gmt":"2026-03-17T06:37:06","slug":"tomati-sava-sula-680g-370g","status":"publish","type":"product","link":"https:\/\/ventspils.citro.lv\/ru\/veikals\/tomati-sava-sula-680g-370g\/","title":{"rendered":"Tom\u0101ti sav\u0101 sul\u0101 680g\/370g"},"content":{"rendered":"","protected":false},"excerpt":{"rendered":"<p>3.37 \u20ac\/kg<\/p>\n","protected":false},"featured_media":1227558,"template":"","meta":{"_acf_changed":false,"inline_featured_image":false},"product_cat":[103,137],"product_tag":[],"acf":[],"aioseo_notices":[],"_links":{"self":[{"href":"https:\/\/ventspils.citro.lv\/ru\/wp-json\/wp\/v2\/product\/969558"}],"collection":[{"href":"https:\/\/ventspils.citro.lv\/ru\/wp-json\/wp\/v2\/product"}],"about":[{"href":"https:\/\/ventspils.citro.lv\/ru\/wp-json\/wp\/v2\/types\/product"}],"wp:featuredmedia":[{"embeddable":true,"href":"https:\/\/ventspils.citro.lv\/ru\/wp-json\/wp\/v2\/media\/1227558"}],"wp:attachment":[{"href":"https:\/\/ventspils.citro.lv\/ru\/wp-json\/wp\/v2\/media?parent=969558"}],"wp:term":[{"taxonomy":"product_cat","embeddable":true,"href":"https:\/\/ventspils.citro.lv\/ru\/wp-json\/wp\/v2\/product_cat?post=969558"},{"taxonomy":"product_tag","embeddable":true,"href":"https:\/\/ventspils.citro.lv\/ru\/wp-json\/wp\/v2\/product_tag?post=969558"}],"curies":[{"name":"wp","href":"https:\/\/api.w.org\/{rel}","templated":true}]}}