{"id":969553,"date":"2026-04-10T08:57:14","date_gmt":"2026-04-10T05:57:14","guid":{"rendered":"https:\/\/ventspils.citro.lv\/veikals\/kiselis-valdo-zemenu-g-200g\/"},"modified":"2026-04-10T08:57:23","modified_gmt":"2026-04-10T05:57:23","slug":"kiselis-valdo-zemenu-g-200g","status":"publish","type":"product","link":"https:\/\/ventspils.citro.lv\/ru\/veikals\/kiselis-valdo-zemenu-g-200g\/","title":{"rendered":"\u0136\u012bselis Valdo zeme\u0146u g. 200g"},"content":{"rendered":"<p>Cukurs (izcelsmes vieta ES), kartupe\u013cu ciete, sk\u0101buma regul\u0113t\u0101ji (n\u0101trija citr\u0101ts, citronsk\u0101be), aromatiz\u0113t\u0101ji, pretsalipes viela E551, kr\u0101svielas: karm\u012bns, antocian\u012bns.<\/p>\n","protected":false},"excerpt":{"rendered":"<p>4.45 \u20ac\/kg<\/p>\n","protected":false},"featured_media":1244038,"template":"","meta":{"_acf_changed":false,"inline_featured_image":false},"product_cat":[118,120],"product_tag":[],"acf":[],"aioseo_notices":[],"_links":{"self":[{"href":"https:\/\/ventspils.citro.lv\/ru\/wp-json\/wp\/v2\/product\/969553"}],"collection":[{"href":"https:\/\/ventspils.citro.lv\/ru\/wp-json\/wp\/v2\/product"}],"about":[{"href":"https:\/\/ventspils.citro.lv\/ru\/wp-json\/wp\/v2\/types\/product"}],"wp:featuredmedia":[{"embeddable":true,"href":"https:\/\/ventspils.citro.lv\/ru\/wp-json\/wp\/v2\/media\/1244038"}],"wp:attachment":[{"href":"https:\/\/ventspils.citro.lv\/ru\/wp-json\/wp\/v2\/media?parent=969553"}],"wp:term":[{"taxonomy":"product_cat","embeddable":true,"href":"https:\/\/ventspils.citro.lv\/ru\/wp-json\/wp\/v2\/product_cat?post=969553"},{"taxonomy":"product_tag","embeddable":true,"href":"https:\/\/ventspils.citro.lv\/ru\/wp-json\/wp\/v2\/product_tag?post=969553"}],"curies":[{"name":"wp","href":"https:\/\/api.w.org\/{rel}","templated":true}]}}