{"id":969380,"date":"2026-04-30T02:18:03","date_gmt":"2026-04-29T23:18:03","guid":{"rendered":"https:\/\/ventspils.citro.lv\/veikals\/buljons-vegeta-darzenu-kubini-120g\/"},"modified":"2026-04-30T02:18:08","modified_gmt":"2026-04-29T23:18:08","slug":"buljons-vegeta-darzenu-kubini-120g","status":"publish","type":"product","link":"https:\/\/ventspils.citro.lv\/ru\/veikals\/buljons-vegeta-darzenu-kubini-120g\/","title":{"rendered":"Buljons Vegeta d\u0101rze\u0146u kubi\u0146i 120g"},"content":{"rendered":"","protected":false},"excerpt":{"rendered":"<p>9.58 \u20ac\/kg<\/p>\n","protected":false},"featured_media":1255052,"template":"","meta":{"_acf_changed":false,"inline_featured_image":false},"product_cat":[111,112],"product_tag":[],"acf":[],"aioseo_notices":[],"_links":{"self":[{"href":"https:\/\/ventspils.citro.lv\/ru\/wp-json\/wp\/v2\/product\/969380"}],"collection":[{"href":"https:\/\/ventspils.citro.lv\/ru\/wp-json\/wp\/v2\/product"}],"about":[{"href":"https:\/\/ventspils.citro.lv\/ru\/wp-json\/wp\/v2\/types\/product"}],"wp:featuredmedia":[{"embeddable":true,"href":"https:\/\/ventspils.citro.lv\/ru\/wp-json\/wp\/v2\/media\/1255052"}],"wp:attachment":[{"href":"https:\/\/ventspils.citro.lv\/ru\/wp-json\/wp\/v2\/media?parent=969380"}],"wp:term":[{"taxonomy":"product_cat","embeddable":true,"href":"https:\/\/ventspils.citro.lv\/ru\/wp-json\/wp\/v2\/product_cat?post=969380"},{"taxonomy":"product_tag","embeddable":true,"href":"https:\/\/ventspils.citro.lv\/ru\/wp-json\/wp\/v2\/product_tag?post=969380"}],"curies":[{"name":"wp","href":"https:\/\/api.w.org\/{rel}","templated":true}]}}