{"id":9662,"date":"2026-05-02T01:09:27","date_gmt":"2026-05-01T22:09:27","guid":{"rendered":"https:\/\/eveikals.citro.lv\/ventspils\/veikals\/kafija-skistosa-merrild-classic-200g\/"},"modified":"2026-05-07T21:45:26","modified_gmt":"2026-05-07T18:45:26","slug":"kafija-skistosa-merrild-classic-200g","status":"publish","type":"product","link":"https:\/\/ventspils.citro.lv\/ru\/veikals\/kafija-skistosa-merrild-classic-200g\/","title":{"rendered":"Kafija \u0161\u0137\u012bsto\u0161\u0101 Merrild Classic 200g"},"content":{"rendered":"","protected":false},"excerpt":{"rendered":"<p>44.95 \u20ac\/kg<\/p>\n","protected":false},"featured_media":1255531,"template":"","meta":{"_acf_changed":false,"inline_featured_image":false},"product_cat":[538,142],"product_tag":[],"acf":[],"aioseo_notices":[],"_links":{"self":[{"href":"https:\/\/ventspils.citro.lv\/ru\/wp-json\/wp\/v2\/product\/9662"}],"collection":[{"href":"https:\/\/ventspils.citro.lv\/ru\/wp-json\/wp\/v2\/product"}],"about":[{"href":"https:\/\/ventspils.citro.lv\/ru\/wp-json\/wp\/v2\/types\/product"}],"wp:featuredmedia":[{"embeddable":true,"href":"https:\/\/ventspils.citro.lv\/ru\/wp-json\/wp\/v2\/media\/1255531"}],"wp:attachment":[{"href":"https:\/\/ventspils.citro.lv\/ru\/wp-json\/wp\/v2\/media?parent=9662"}],"wp:term":[{"taxonomy":"product_cat","embeddable":true,"href":"https:\/\/ventspils.citro.lv\/ru\/wp-json\/wp\/v2\/product_cat?post=9662"},{"taxonomy":"product_tag","embeddable":true,"href":"https:\/\/ventspils.citro.lv\/ru\/wp-json\/wp\/v2\/product_tag?post=9662"}],"curies":[{"name":"wp","href":"https:\/\/api.w.org\/{rel}","templated":true}]}}