{"id":9634,"date":"2026-03-18T03:47:00","date_gmt":"2026-03-18T01:47:00","guid":{"rendered":"https:\/\/eveikals.citro.lv\/ventspils\/veikals\/parslu-auzu-putra-ar-krejumu-avenem-un-meza-ogam-axa-40g\/"},"modified":"2026-04-23T16:11:40","modified_gmt":"2026-04-23T13:11:40","slug":"putra-axa-a-p-auzu-ar-saldo-krejumu-avenem-un-kazenem-40g","status":"publish","type":"product","link":"https:\/\/ventspils.citro.lv\/ru\/veikals\/putra-axa-a-p-auzu-ar-saldo-krejumu-avenem-un-kazenem-40g\/","title":{"rendered":"Putra Axa \u0101\/p auzu ar saldo kr\u0113jumu, aven\u0113m un kazen\u0113m 40g"},"content":{"rendered":"","protected":false},"excerpt":{"rendered":"<p>12.25 \u20ac\/kg<\/p>\n","protected":false},"featured_media":1228220,"template":"","meta":{"_acf_changed":false,"inline_featured_image":false},"product_cat":[118,123],"product_tag":[],"acf":[],"aioseo_notices":[],"_links":{"self":[{"href":"https:\/\/ventspils.citro.lv\/ru\/wp-json\/wp\/v2\/product\/9634"}],"collection":[{"href":"https:\/\/ventspils.citro.lv\/ru\/wp-json\/wp\/v2\/product"}],"about":[{"href":"https:\/\/ventspils.citro.lv\/ru\/wp-json\/wp\/v2\/types\/product"}],"wp:featuredmedia":[{"embeddable":true,"href":"https:\/\/ventspils.citro.lv\/ru\/wp-json\/wp\/v2\/media\/1228220"}],"wp:attachment":[{"href":"https:\/\/ventspils.citro.lv\/ru\/wp-json\/wp\/v2\/media?parent=9634"}],"wp:term":[{"taxonomy":"product_cat","embeddable":true,"href":"https:\/\/ventspils.citro.lv\/ru\/wp-json\/wp\/v2\/product_cat?post=9634"},{"taxonomy":"product_tag","embeddable":true,"href":"https:\/\/ventspils.citro.lv\/ru\/wp-json\/wp\/v2\/product_tag?post=9634"}],"curies":[{"name":"wp","href":"https:\/\/api.w.org\/{rel}","templated":true}]}}