{"id":9625,"date":"2026-03-12T03:54:02","date_gmt":"2026-03-12T01:54:02","guid":{"rendered":"https:\/\/eveikals.citro.lv\/ventspils\/veikals\/mineraludens-zakumuiza-dabigs-negazets-5l\/"},"modified":"2026-05-02T20:56:39","modified_gmt":"2026-05-02T17:56:39","slug":"udens-dzeramais-zakumuiza-5-2l","status":"publish","type":"product","link":"https:\/\/ventspils.citro.lv\/ru\/veikals\/udens-dzeramais-zakumuiza-5-2l\/","title":{"rendered":"\u016adens dzeramais Za\u0137umui\u017ea 5.2l"},"content":{"rendered":"","protected":false},"excerpt":{"rendered":"<p>0.25 \u20ac\/l<\/p>\n","protected":false},"featured_media":1223833,"template":"","meta":{"_acf_changed":false,"inline_featured_image":false},"product_cat":[106,186],"product_tag":[],"acf":[],"aioseo_notices":[],"_links":{"self":[{"href":"https:\/\/ventspils.citro.lv\/ru\/wp-json\/wp\/v2\/product\/9625"}],"collection":[{"href":"https:\/\/ventspils.citro.lv\/ru\/wp-json\/wp\/v2\/product"}],"about":[{"href":"https:\/\/ventspils.citro.lv\/ru\/wp-json\/wp\/v2\/types\/product"}],"wp:featuredmedia":[{"embeddable":true,"href":"https:\/\/ventspils.citro.lv\/ru\/wp-json\/wp\/v2\/media\/1223833"}],"wp:attachment":[{"href":"https:\/\/ventspils.citro.lv\/ru\/wp-json\/wp\/v2\/media?parent=9625"}],"wp:term":[{"taxonomy":"product_cat","embeddable":true,"href":"https:\/\/ventspils.citro.lv\/ru\/wp-json\/wp\/v2\/product_cat?post=9625"},{"taxonomy":"product_tag","embeddable":true,"href":"https:\/\/ventspils.citro.lv\/ru\/wp-json\/wp\/v2\/product_tag?post=9625"}],"curies":[{"name":"wp","href":"https:\/\/api.w.org\/{rel}","templated":true}]}}