{"id":962195,"date":"2026-03-27T11:15:46","date_gmt":"2026-03-27T09:15:46","guid":{"rendered":"https:\/\/ventspils.citro.lv\/veikals\/bariba-pieaugusiem-kakiem-wise-cat-ar-piles-galu-zeleja-100g\/"},"modified":"2026-03-27T11:15:51","modified_gmt":"2026-03-27T09:15:51","slug":"bariba-pieaugusiem-kakiem-wise-cat-ar-piles-galu-zeleja-100g","status":"publish","type":"product","link":"https:\/\/ventspils.citro.lv\/ru\/veikals\/bariba-pieaugusiem-kakiem-wise-cat-ar-piles-galu-zeleja-100g\/","title":{"rendered":"Bar\u012bba pieaugu\u0161iem ka\u0137iem Wise Cat ar p\u012bles ga\u013cu \u017eelej\u0101 100g"},"content":{"rendered":"","protected":false},"excerpt":{"rendered":"<p>3.80 \u20ac\/kg<\/p>\n","protected":false},"featured_media":1236758,"template":"","meta":{"_acf_changed":false,"inline_featured_image":false},"product_cat":[153,175],"product_tag":[],"acf":[],"aioseo_notices":[],"_links":{"self":[{"href":"https:\/\/ventspils.citro.lv\/ru\/wp-json\/wp\/v2\/product\/962195"}],"collection":[{"href":"https:\/\/ventspils.citro.lv\/ru\/wp-json\/wp\/v2\/product"}],"about":[{"href":"https:\/\/ventspils.citro.lv\/ru\/wp-json\/wp\/v2\/types\/product"}],"wp:featuredmedia":[{"embeddable":true,"href":"https:\/\/ventspils.citro.lv\/ru\/wp-json\/wp\/v2\/media\/1236758"}],"wp:attachment":[{"href":"https:\/\/ventspils.citro.lv\/ru\/wp-json\/wp\/v2\/media?parent=962195"}],"wp:term":[{"taxonomy":"product_cat","embeddable":true,"href":"https:\/\/ventspils.citro.lv\/ru\/wp-json\/wp\/v2\/product_cat?post=962195"},{"taxonomy":"product_tag","embeddable":true,"href":"https:\/\/ventspils.citro.lv\/ru\/wp-json\/wp\/v2\/product_tag?post=962195"}],"curies":[{"name":"wp","href":"https:\/\/api.w.org\/{rel}","templated":true}]}}