{"id":962183,"date":"2026-04-09T04:36:37","date_gmt":"2026-04-09T01:36:37","guid":{"rendered":"https:\/\/ventspils.citro.lv\/veikals\/siers-kausets-annele-kupinats-skeles-ar-skinki-45-150g\/"},"modified":"2026-04-09T04:36:42","modified_gmt":"2026-04-09T01:36:42","slug":"siers-kausets-annele-kupinats-skeles-ar-skinki-45-150g","status":"publish","type":"product","link":"https:\/\/ventspils.citro.lv\/ru\/veikals\/siers-kausets-annele-kupinats-skeles-ar-skinki-45-150g\/","title":{"rendered":"Siers kaus\u0113ts Annele k\u016bpin\u0101ts \u0161\u0137\u0113l\u0113s ar \u0161\u0137i\u0146\u0137i  45% 150g"},"content":{"rendered":"","protected":false},"excerpt":{"rendered":"<p>12.60 \u20ac\/kg<\/p>\n","protected":false},"featured_media":1242364,"template":"","meta":{"_acf_changed":false,"inline_featured_image":false},"product_cat":[95,224],"product_tag":[],"acf":[],"aioseo_notices":[],"_links":{"self":[{"href":"https:\/\/ventspils.citro.lv\/ru\/wp-json\/wp\/v2\/product\/962183"}],"collection":[{"href":"https:\/\/ventspils.citro.lv\/ru\/wp-json\/wp\/v2\/product"}],"about":[{"href":"https:\/\/ventspils.citro.lv\/ru\/wp-json\/wp\/v2\/types\/product"}],"wp:featuredmedia":[{"embeddable":true,"href":"https:\/\/ventspils.citro.lv\/ru\/wp-json\/wp\/v2\/media\/1242364"}],"wp:attachment":[{"href":"https:\/\/ventspils.citro.lv\/ru\/wp-json\/wp\/v2\/media?parent=962183"}],"wp:term":[{"taxonomy":"product_cat","embeddable":true,"href":"https:\/\/ventspils.citro.lv\/ru\/wp-json\/wp\/v2\/product_cat?post=962183"},{"taxonomy":"product_tag","embeddable":true,"href":"https:\/\/ventspils.citro.lv\/ru\/wp-json\/wp\/v2\/product_tag?post=962183"}],"curies":[{"name":"wp","href":"https:\/\/api.w.org\/{rel}","templated":true}]}}