{"id":9603,"date":"2026-03-18T03:42:57","date_gmt":"2026-03-18T01:42:57","guid":{"rendered":"https:\/\/eveikals.citro.lv\/ventspils\/veikals\/dzeriens-cigorinu-vilkabele-melisa-100g\/"},"modified":"2026-03-18T03:43:07","modified_gmt":"2026-03-18T01:43:07","slug":"dzeriens-cigorinu-vilkabele-melisa-100g","status":"publish","type":"product","link":"https:\/\/ventspils.citro.lv\/ru\/veikals\/dzeriens-cigorinu-vilkabele-melisa-100g\/","title":{"rendered":"Dz\u0113riens cigori\u0146u Vilk\u0101bele &#038; Melisa 100g"},"content":{"rendered":"","protected":false},"excerpt":{"rendered":"<p>9.50 \u20ac\/kg<\/p>\n","protected":false},"featured_media":1228200,"template":"","meta":{"_acf_changed":false,"inline_featured_image":false},"product_cat":[538,142],"product_tag":[],"acf":[],"aioseo_notices":[],"_links":{"self":[{"href":"https:\/\/ventspils.citro.lv\/ru\/wp-json\/wp\/v2\/product\/9603"}],"collection":[{"href":"https:\/\/ventspils.citro.lv\/ru\/wp-json\/wp\/v2\/product"}],"about":[{"href":"https:\/\/ventspils.citro.lv\/ru\/wp-json\/wp\/v2\/types\/product"}],"wp:featuredmedia":[{"embeddable":true,"href":"https:\/\/ventspils.citro.lv\/ru\/wp-json\/wp\/v2\/media\/1228200"}],"wp:attachment":[{"href":"https:\/\/ventspils.citro.lv\/ru\/wp-json\/wp\/v2\/media?parent=9603"}],"wp:term":[{"taxonomy":"product_cat","embeddable":true,"href":"https:\/\/ventspils.citro.lv\/ru\/wp-json\/wp\/v2\/product_cat?post=9603"},{"taxonomy":"product_tag","embeddable":true,"href":"https:\/\/ventspils.citro.lv\/ru\/wp-json\/wp\/v2\/product_tag?post=9603"}],"curies":[{"name":"wp","href":"https:\/\/api.w.org\/{rel}","templated":true}]}}