{"id":9600,"date":"2026-04-22T04:57:31","date_gmt":"2026-04-22T01:57:31","guid":{"rendered":"https:\/\/eveikals.citro.lv\/ventspils\/veikals\/parslas-auzu-atri-varamas-kastite-500g\/"},"modified":"2026-04-22T04:57:36","modified_gmt":"2026-04-22T01:57:36","slug":"parslas-auzu-atri-varamas-kastite-500g","status":"publish","type":"product","link":"https:\/\/ventspils.citro.lv\/ru\/veikals\/parslas-auzu-atri-varamas-kastite-500g\/","title":{"rendered":"P\u0101rslas auzu \u0101tri v\u0101r\u0101m\u0101s kast\u012bt\u0113 500g"},"content":{"rendered":"","protected":false},"excerpt":{"rendered":"<p>1.90 \u20ac\/kg<\/p>\n","protected":false},"featured_media":1248228,"template":"","meta":{"_acf_changed":false,"inline_featured_image":false},"product_cat":[118,123],"product_tag":[],"acf":[],"aioseo_notices":[],"_links":{"self":[{"href":"https:\/\/ventspils.citro.lv\/ru\/wp-json\/wp\/v2\/product\/9600"}],"collection":[{"href":"https:\/\/ventspils.citro.lv\/ru\/wp-json\/wp\/v2\/product"}],"about":[{"href":"https:\/\/ventspils.citro.lv\/ru\/wp-json\/wp\/v2\/types\/product"}],"wp:featuredmedia":[{"embeddable":true,"href":"https:\/\/ventspils.citro.lv\/ru\/wp-json\/wp\/v2\/media\/1248228"}],"wp:attachment":[{"href":"https:\/\/ventspils.citro.lv\/ru\/wp-json\/wp\/v2\/media?parent=9600"}],"wp:term":[{"taxonomy":"product_cat","embeddable":true,"href":"https:\/\/ventspils.citro.lv\/ru\/wp-json\/wp\/v2\/product_cat?post=9600"},{"taxonomy":"product_tag","embeddable":true,"href":"https:\/\/ventspils.citro.lv\/ru\/wp-json\/wp\/v2\/product_tag?post=9600"}],"curies":[{"name":"wp","href":"https:\/\/api.w.org\/{rel}","templated":true}]}}