{"id":9590,"date":"2026-03-18T03:39:48","date_gmt":"2026-03-18T01:39:48","guid":{"rendered":"https:\/\/eveikals.citro.lv\/ventspils\/veikals\/teja-apsara-zalu-piparmetru-1-2gx20\/"},"modified":"2026-03-18T03:39:59","modified_gmt":"2026-03-18T01:39:59","slug":"teja-apsara-zalu-piparmetru-1-2gx20","status":"publish","type":"product","link":"https:\/\/ventspils.citro.lv\/ru\/veikals\/teja-apsara-zalu-piparmetru-1-2gx20\/","title":{"rendered":"T\u0113ja Apsara z\u0101\u013cu piparm\u0113tru 1.2gx20"},"content":{"rendered":"","protected":false},"excerpt":{"rendered":"<p>99.58 \u20ac\/gb<\/p>\n","protected":false},"featured_media":1228191,"template":"","meta":{"_acf_changed":false,"inline_featured_image":false},"product_cat":[142,143],"product_tag":[],"acf":[],"aioseo_notices":[],"_links":{"self":[{"href":"https:\/\/ventspils.citro.lv\/ru\/wp-json\/wp\/v2\/product\/9590"}],"collection":[{"href":"https:\/\/ventspils.citro.lv\/ru\/wp-json\/wp\/v2\/product"}],"about":[{"href":"https:\/\/ventspils.citro.lv\/ru\/wp-json\/wp\/v2\/types\/product"}],"wp:featuredmedia":[{"embeddable":true,"href":"https:\/\/ventspils.citro.lv\/ru\/wp-json\/wp\/v2\/media\/1228191"}],"wp:attachment":[{"href":"https:\/\/ventspils.citro.lv\/ru\/wp-json\/wp\/v2\/media?parent=9590"}],"wp:term":[{"taxonomy":"product_cat","embeddable":true,"href":"https:\/\/ventspils.citro.lv\/ru\/wp-json\/wp\/v2\/product_cat?post=9590"},{"taxonomy":"product_tag","embeddable":true,"href":"https:\/\/ventspils.citro.lv\/ru\/wp-json\/wp\/v2\/product_tag?post=9590"}],"curies":[{"name":"wp","href":"https:\/\/api.w.org\/{rel}","templated":true}]}}