{"id":9578,"date":"2026-05-12T05:18:26","date_gmt":"2026-05-12T02:18:26","guid":{"rendered":"https:\/\/eveikals.citro.lv\/ventspils\/veikals\/siers-cheddar-skeles-valio-150g\/"},"modified":"2026-05-12T05:18:30","modified_gmt":"2026-05-12T02:18:30","slug":"siers-cheddar-skeles-valio-150g","status":"publish","type":"product","link":"https:\/\/ventspils.citro.lv\/ru\/veikals\/siers-cheddar-skeles-valio-150g\/","title":{"rendered":"Siers Cheddar \u0161\u0137\u0113les Valio 150g"},"content":{"rendered":"","protected":false},"excerpt":{"rendered":"<p>15.93 \u20ac\/kg<\/p>\n","protected":false},"featured_media":1259071,"template":"","meta":{"_acf_changed":false,"inline_featured_image":false},"product_cat":[95,224],"product_tag":[],"acf":[],"aioseo_notices":[],"_links":{"self":[{"href":"https:\/\/ventspils.citro.lv\/ru\/wp-json\/wp\/v2\/product\/9578"}],"collection":[{"href":"https:\/\/ventspils.citro.lv\/ru\/wp-json\/wp\/v2\/product"}],"about":[{"href":"https:\/\/ventspils.citro.lv\/ru\/wp-json\/wp\/v2\/types\/product"}],"wp:featuredmedia":[{"embeddable":true,"href":"https:\/\/ventspils.citro.lv\/ru\/wp-json\/wp\/v2\/media\/1259071"}],"wp:attachment":[{"href":"https:\/\/ventspils.citro.lv\/ru\/wp-json\/wp\/v2\/media?parent=9578"}],"wp:term":[{"taxonomy":"product_cat","embeddable":true,"href":"https:\/\/ventspils.citro.lv\/ru\/wp-json\/wp\/v2\/product_cat?post=9578"},{"taxonomy":"product_tag","embeddable":true,"href":"https:\/\/ventspils.citro.lv\/ru\/wp-json\/wp\/v2\/product_tag?post=9578"}],"curies":[{"name":"wp","href":"https:\/\/api.w.org\/{rel}","templated":true}]}}