{"id":955455,"date":"2026-04-17T01:21:46","date_gmt":"2026-04-16T22:21:46","guid":{"rendered":"https:\/\/ventspils.citro.lv\/veikals\/muskulkungi-calu-svagi-450g\/"},"modified":"2026-04-17T01:21:56","modified_gmt":"2026-04-16T22:21:56","slug":"muskulkungi-calu-svagi-450g","status":"publish","type":"product","link":"https:\/\/ventspils.citro.lv\/ru\/veikals\/muskulkungi-calu-svagi-450g\/","title":{"rendered":"Musku\u013cku\u0146\u0123i c\u0101\u013cu svagi 450g"},"content":{"rendered":"","protected":false},"excerpt":{"rendered":"<p>4.42 \u20ac\/kg<\/p>\n","protected":false},"featured_media":1246748,"template":"","meta":{"_acf_changed":false,"inline_featured_image":false},"product_cat":[577,135],"product_tag":[],"acf":[],"aioseo_notices":[],"_links":{"self":[{"href":"https:\/\/ventspils.citro.lv\/ru\/wp-json\/wp\/v2\/product\/955455"}],"collection":[{"href":"https:\/\/ventspils.citro.lv\/ru\/wp-json\/wp\/v2\/product"}],"about":[{"href":"https:\/\/ventspils.citro.lv\/ru\/wp-json\/wp\/v2\/types\/product"}],"wp:featuredmedia":[{"embeddable":true,"href":"https:\/\/ventspils.citro.lv\/ru\/wp-json\/wp\/v2\/media\/1246748"}],"wp:attachment":[{"href":"https:\/\/ventspils.citro.lv\/ru\/wp-json\/wp\/v2\/media?parent=955455"}],"wp:term":[{"taxonomy":"product_cat","embeddable":true,"href":"https:\/\/ventspils.citro.lv\/ru\/wp-json\/wp\/v2\/product_cat?post=955455"},{"taxonomy":"product_tag","embeddable":true,"href":"https:\/\/ventspils.citro.lv\/ru\/wp-json\/wp\/v2\/product_tag?post=955455"}],"curies":[{"name":"wp","href":"https:\/\/api.w.org\/{rel}","templated":true}]}}