{"id":95523,"date":"2026-04-16T02:21:02","date_gmt":"2026-04-15T23:21:02","guid":{"rendered":"https:\/\/ventspils.citro.lv\/veikals\/broileru-fileja-suliga\/"},"modified":"2026-04-16T11:33:23","modified_gmt":"2026-04-16T08:33:23","slug":"broileru-fileja-suliga","status":"publish","type":"product","link":"https:\/\/ventspils.citro.lv\/ru\/veikals\/broileru-fileja-suliga\/","title":{"rendered":"Broileru fileja sul\u012bg\u0101"},"content":{"rendered":"<p>Sast\u0101vda\u013cas: c\u0101\u013ca fileja 83%, \u016bdens, s\u0101ls, glikoze, augu valsts \u0161\u0137iedrvielas. Produkt\u0101 iesp\u0113jama \u0161\u0101du alerg\u0113nu kl\u0101tb\u016btne: OLAS, KVIE\u0160I, SOJA, PIENS, SINEPES UN  SELERIJAS. Uzturv\u0113rt\u012bba: 100g produkt\u0101 visd\u0113ji satur: ener\u0123\u0113tisk\u0101 v\u0113rt\u012bba 411kJ\/97kcal, tauki 1,5g, tostarp pies\u0101tin\u0101t\u0101s tauksk\u0101bes 0,5g, og\u013chidr\u0101ti <0,5g, tostarp cukuri <0,5g, olbaltumvielas 21g, s\u0101ls 0,70g. Pirms lieto\u0161anas uztur\u0101 produktu termiski apstr\u0101d\u0101t vismaz l\u012bdz +75C produkta iek\u0161ien\u0113. Iepakots aizsargatmosf\u0113r\u0101. P\u0113c atv\u0113r\u0161anas ieteicams izlietot 12 stundu laik\u0101. Audz\u0113ts bez antibiotik\u0101m. Uzglab\u0101\u0161anas temperat\u016bra: 0...+4C.\n<\/p>\n","protected":false},"excerpt":{"rendered":"<p>6.99 \u20ac\/kg<\/p>\n","protected":false},"featured_media":1246330,"template":"","meta":{"_acf_changed":false,"inline_featured_image":false},"product_cat":[561,135],"product_tag":[],"acf":[],"aioseo_notices":[],"_links":{"self":[{"href":"https:\/\/ventspils.citro.lv\/ru\/wp-json\/wp\/v2\/product\/95523"}],"collection":[{"href":"https:\/\/ventspils.citro.lv\/ru\/wp-json\/wp\/v2\/product"}],"about":[{"href":"https:\/\/ventspils.citro.lv\/ru\/wp-json\/wp\/v2\/types\/product"}],"wp:featuredmedia":[{"embeddable":true,"href":"https:\/\/ventspils.citro.lv\/ru\/wp-json\/wp\/v2\/media\/1246330"}],"wp:attachment":[{"href":"https:\/\/ventspils.citro.lv\/ru\/wp-json\/wp\/v2\/media?parent=95523"}],"wp:term":[{"taxonomy":"product_cat","embeddable":true,"href":"https:\/\/ventspils.citro.lv\/ru\/wp-json\/wp\/v2\/product_cat?post=95523"},{"taxonomy":"product_tag","embeddable":true,"href":"https:\/\/ventspils.citro.lv\/ru\/wp-json\/wp\/v2\/product_tag?post=95523"}],"curies":[{"name":"wp","href":"https:\/\/api.w.org\/{rel}","templated":true}]}}