{"id":95167,"date":"2026-04-12T01:15:35","date_gmt":"2026-04-11T22:15:35","guid":{"rendered":"https:\/\/ventspils.citro.lv\/veikals\/garda-galas-rulete-ar-meli-550g\/"},"modified":"2026-04-12T01:15:43","modified_gmt":"2026-04-11T22:15:43","slug":"garda-galas-rulete-ar-meli-550g","status":"publish","type":"product","link":"https:\/\/ventspils.citro.lv\/ru\/veikals\/garda-galas-rulete-ar-meli-550g\/","title":{"rendered":"Gard\u0101 ga\u013cas rulete ar m\u0113li 550g"},"content":{"rendered":"","protected":false},"excerpt":{"rendered":"<p>8.89 \u20ac\/kg<\/p>\n","protected":false},"featured_media":1244757,"template":"","meta":{"_acf_changed":false,"inline_featured_image":false},"product_cat":[135,174],"product_tag":[],"acf":[],"aioseo_notices":[],"_links":{"self":[{"href":"https:\/\/ventspils.citro.lv\/ru\/wp-json\/wp\/v2\/product\/95167"}],"collection":[{"href":"https:\/\/ventspils.citro.lv\/ru\/wp-json\/wp\/v2\/product"}],"about":[{"href":"https:\/\/ventspils.citro.lv\/ru\/wp-json\/wp\/v2\/types\/product"}],"wp:featuredmedia":[{"embeddable":true,"href":"https:\/\/ventspils.citro.lv\/ru\/wp-json\/wp\/v2\/media\/1244757"}],"wp:attachment":[{"href":"https:\/\/ventspils.citro.lv\/ru\/wp-json\/wp\/v2\/media?parent=95167"}],"wp:term":[{"taxonomy":"product_cat","embeddable":true,"href":"https:\/\/ventspils.citro.lv\/ru\/wp-json\/wp\/v2\/product_cat?post=95167"},{"taxonomy":"product_tag","embeddable":true,"href":"https:\/\/ventspils.citro.lv\/ru\/wp-json\/wp\/v2\/product_tag?post=95167"}],"curies":[{"name":"wp","href":"https:\/\/api.w.org\/{rel}","templated":true}]}}