{"id":950610,"date":"2026-04-04T01:24:03","date_gmt":"2026-04-03T22:24:03","guid":{"rendered":"https:\/\/ventspils.citro.lv\/veikals\/cepumi-karamelu-ar-sok-gabaliniem-125g\/"},"modified":"2026-04-04T01:24:17","modified_gmt":"2026-04-03T22:24:17","slug":"cepumi-karamelu-ar-sok-gabaliniem-125g","status":"publish","type":"product","link":"https:\/\/ventspils.citro.lv\/ru\/veikals\/cepumi-karamelu-ar-sok-gabaliniem-125g\/","title":{"rendered":"Cepumi karame\u013cu ar \u0161ok.gabali\u0146iem 125g"},"content":{"rendered":"<p>(ES) \u0161okol\u0101de ar piena, karame\u013cu gar\u0161u 40% [cukurs, palmu kodolu tauki, s\u016bkalu pulveris (no PIENA), V\u0100JPIENA pulveris, dab\u012bgs kakao ar zemu tauku saturu, emulgators: lecit\u012bni (no SOJAS), dab\u012bga karameliz\u0113ta sviesta aromatiz\u0113t\u0101js, karame\u013cu aromatiz\u0113t\u0101js], KVIE\u0160U milti, cukurs, augu tauki (palmu e\u013c\u013ca, rap\u0161u e\u013c\u013ca), glikozes-fruktozes s\u012brups, rap\u0161u e\u013c\u013ca, recin\u0101t\u0101ji: pekt\u012bni; s\u016bkalu pulveris (no PIENA), s\u0101ls, irdin\u0101t\u0101ji: amonija karbon\u0101ti, n\u0101trija karbon\u0101ti; aromatiz\u0113t\u0101ji. Produkts var satur\u0113t: ZEMESRIEKSTUS, RIEKSTUS, SEZAMA s\u0113klas, OLAS un to produktus.<\/p>\n","protected":false},"excerpt":{"rendered":"<p>11.92 \u20ac\/kg<\/p>\n","protected":false},"featured_media":1239677,"template":"","meta":{"_acf_changed":false,"inline_featured_image":false},"product_cat":[125,139],"product_tag":[],"acf":[],"aioseo_notices":[],"_links":{"self":[{"href":"https:\/\/ventspils.citro.lv\/ru\/wp-json\/wp\/v2\/product\/950610"}],"collection":[{"href":"https:\/\/ventspils.citro.lv\/ru\/wp-json\/wp\/v2\/product"}],"about":[{"href":"https:\/\/ventspils.citro.lv\/ru\/wp-json\/wp\/v2\/types\/product"}],"wp:featuredmedia":[{"embeddable":true,"href":"https:\/\/ventspils.citro.lv\/ru\/wp-json\/wp\/v2\/media\/1239677"}],"wp:attachment":[{"href":"https:\/\/ventspils.citro.lv\/ru\/wp-json\/wp\/v2\/media?parent=950610"}],"wp:term":[{"taxonomy":"product_cat","embeddable":true,"href":"https:\/\/ventspils.citro.lv\/ru\/wp-json\/wp\/v2\/product_cat?post=950610"},{"taxonomy":"product_tag","embeddable":true,"href":"https:\/\/ventspils.citro.lv\/ru\/wp-json\/wp\/v2\/product_tag?post=950610"}],"curies":[{"name":"wp","href":"https:\/\/api.w.org\/{rel}","templated":true}]}}