{"id":950609,"date":"2026-04-10T09:06:36","date_gmt":"2026-04-10T06:06:36","guid":{"rendered":"https:\/\/ventspils.citro.lv\/veikals\/cepumi-braunija-ar-baltas-sok-gabaliniem-125g\/"},"modified":"2026-04-10T09:06:41","modified_gmt":"2026-04-10T06:06:41","slug":"cepumi-braunija-ar-baltas-sok-gabaliniem-125g","status":"publish","type":"product","link":"https:\/\/ventspils.citro.lv\/ru\/veikals\/cepumi-braunija-ar-baltas-sok-gabaliniem-125g\/","title":{"rendered":"Cepumi braunija ar balt\u0101s \u0161ok.gabali\u0146iem 125g"},"content":{"rendered":"<p>(ES) tum\u0161\u0101 \u0161okol\u0101de 29% [cukurs, kakao masa, kakao sviests, emulgators: lecit\u012bns (no SOJAS), aromatiz\u0113t\u0101js], KVIE\u0160U milti, cukurs, augu tauki (palmu e\u013c\u013ca, rap\u0161u e\u013c\u013ca), balt\u0101 \u0161okol\u0101de 11% [cukurs, PILNPIENA pulveris, kakao sviests, V\u0100JPIENA pulveris, emulgators: lecit\u012bns (no SOJAS), aromatiz\u0113t\u0101js], rap\u0161u e\u013c\u013ca, glikozes-fruktozes s\u012brups, recin\u0101t\u0101ji: pekt\u012bni, s\u016bkalu pulveris (no PIENA), irdin\u0101t\u0101ji: amonija karbon\u0101ti, s\u0101ls, n\u0101trija karbon\u0101ti. Produkts var satur\u0113t: ZEMESREIKSTU, RIEKSTU, SEZAMA s\u0113klu, OLU un to produktu da\u013ci\u0146as.<\/p>\n","protected":false},"excerpt":{"rendered":"<p>20.72 \u20ac\/kg<\/p>\n","protected":false},"featured_media":1244079,"template":"","meta":{"_acf_changed":false,"inline_featured_image":false},"product_cat":[125,139],"product_tag":[],"acf":[],"aioseo_notices":[],"_links":{"self":[{"href":"https:\/\/ventspils.citro.lv\/ru\/wp-json\/wp\/v2\/product\/950609"}],"collection":[{"href":"https:\/\/ventspils.citro.lv\/ru\/wp-json\/wp\/v2\/product"}],"about":[{"href":"https:\/\/ventspils.citro.lv\/ru\/wp-json\/wp\/v2\/types\/product"}],"wp:featuredmedia":[{"embeddable":true,"href":"https:\/\/ventspils.citro.lv\/ru\/wp-json\/wp\/v2\/media\/1244079"}],"wp:attachment":[{"href":"https:\/\/ventspils.citro.lv\/ru\/wp-json\/wp\/v2\/media?parent=950609"}],"wp:term":[{"taxonomy":"product_cat","embeddable":true,"href":"https:\/\/ventspils.citro.lv\/ru\/wp-json\/wp\/v2\/product_cat?post=950609"},{"taxonomy":"product_tag","embeddable":true,"href":"https:\/\/ventspils.citro.lv\/ru\/wp-json\/wp\/v2\/product_tag?post=950609"}],"curies":[{"name":"wp","href":"https:\/\/api.w.org\/{rel}","templated":true}]}}